{"id":1210,"date":"2024-05-07T23:53:03","date_gmt":"2024-05-08T02:53:03","guid":{"rendered":"https:\/\/forumsepse.com.br\/?page_id=1210"},"modified":"2024-05-28T15:06:28","modified_gmt":"2024-05-28T18:06:28","slug":"simposio-satelite-mundipharm","status":"publish","type":"page","link":"https:\/\/forumsepse.com.br\/2024\/simposio-satelite-mundipharm\/","title":{"rendered":"Simp\u00f3sio Sat\u00e9lite Mundipharm"},"content":{"rendered":"\t\t<div data-elementor-type=\"wp-page\" data-elementor-id=\"1210\" class=\"elementor elementor-1210\" data-elementor-post-type=\"page\">\n\t\t\t\t<div class=\"elementor-element elementor-element-7f6d784b e-flex e-con-boxed e-con e-parent\" data-id=\"7f6d784b\" data-element_type=\"container\" data-settings=\"{&quot;background_background&quot;:&quot;classic&quot;}\">\n\t\t\t\t\t<div class=\"e-con-inner\">\n\t\t\t\t\t<\/div>\n\t\t\t\t<\/div>\n\t\t<div class=\"elementor-element elementor-element-4fc3f556 e-flex e-con-boxed e-con e-parent\" data-id=\"4fc3f556\" data-element_type=\"container\">\n\t\t\t\t\t<div class=\"e-con-inner\">\n\t\t\t\t<div class=\"elementor-element elementor-element-5f720d5d elementor-widget elementor-widget-heading\" data-id=\"5f720d5d\" data-element_type=\"widget\" data-widget_type=\"heading.default\">\n\t\t\t\t<div class=\"elementor-widget-container\">\n\t\t\t<h2 class=\"elementor-heading-title elementor-size-default\">Simp\u00f3sio Sat\u00e9lite Mundipharma - Introduzindo REZZAYO\u00ae (rezafungina), a primeira equinocandina de uso semanal<\/h2>\t\t<\/div>\n\t\t\t\t<\/div>\n\t\t\t\t\t<\/div>\n\t\t\t\t<\/div>\n\t\t<div class=\"elementor-element elementor-element-2ecdfbc7 e-flex e-con-boxed e-con e-parent\" data-id=\"2ecdfbc7\" data-element_type=\"container\">\n\t\t\t\t\t<div class=\"e-con-inner\">\n\t\t<div class=\"elementor-element elementor-element-1c0d90bf e-con-full e-flex e-con e-child\" data-id=\"1c0d90bf\" data-element_type=\"container\">\n\t\t\t\t<div class=\"elementor-element elementor-element-4106efda elementor-widget elementor-widget-image\" data-id=\"4106efda\" data-element_type=\"widget\" data-widget_type=\"image.default\">\n\t\t\t\t<div class=\"elementor-widget-container\">\n\t\t\t\t\t\t\t\t\t\t\t\t\t<img decoding=\"async\" src=\"https:\/\/forumsepse.com.br\/2024\/wp-content\/uploads\/elementor\/thumbs\/Logo-Mundi_Color-qlg12y0jgijqhd0qih2by1gt11msaen6jq1hk9mry8.png\" title=\"\" alt=\"\" loading=\"lazy\" \/>\t\t\t\t\t\t\t\t\t\t\t\t\t<\/div>\n\t\t\t\t<\/div>\n\t\t\t\t<div class=\"elementor-element elementor-element-eb93efb elementor-icon-list--layout-traditional elementor-list-item-link-full_width elementor-widget elementor-widget-icon-list\" data-id=\"eb93efb\" data-element_type=\"widget\" data-widget_type=\"icon-list.default\">\n\t\t\t\t<div class=\"elementor-widget-container\">\n\t\t\t\t\t<ul class=\"elementor-icon-list-items\">\n\t\t\t\t\t\t\t<li class=\"elementor-icon-list-item\">\n\t\t\t\t\t\t\t\t\t\t\t<span class=\"elementor-icon-list-icon\">\n\t\t\t\t\t\t\t<svg aria-hidden=\"true\" class=\"e-font-icon-svg e-fas-clock\" viewBox=\"0 0 512 512\" xmlns=\"http:\/\/www.w3.org\/2000\/svg\"><path d=\"M256,8C119,8,8,119,8,256S119,504,256,504,504,393,504,256,393,8,256,8Zm92.49,313h0l-20,25a16,16,0,0,1-22.49,2.5h0l-67-49.72a40,40,0,0,1-15-31.23V112a16,16,0,0,1,16-16h32a16,16,0,0,1,16,16V256l58,42.5A16,16,0,0,1,348.49,321Z\"><\/path><\/svg>\t\t\t\t\t\t<\/span>\n\t\t\t\t\t\t\t\t\t\t<span class=\"elementor-icon-list-text\">12:30 - 13:10<\/span>\n\t\t\t\t\t\t\t\t\t<\/li>\n\t\t\t\t\t\t\t\t<li class=\"elementor-icon-list-item\">\n\t\t\t\t\t\t\t\t\t\t\t<span class=\"elementor-icon-list-icon\">\n\t\t\t\t\t\t\t<svg aria-hidden=\"true\" class=\"e-font-icon-svg e-fas-calendar-check\" viewBox=\"0 0 448 512\" xmlns=\"http:\/\/www.w3.org\/2000\/svg\"><path d=\"M436 160H12c-6.627 0-12-5.373-12-12v-36c0-26.51 21.49-48 48-48h48V12c0-6.627 5.373-12 12-12h40c6.627 0 12 5.373 12 12v52h128V12c0-6.627 5.373-12 12-12h40c6.627 0 12 5.373 12 12v52h48c26.51 0 48 21.49 48 48v36c0 6.627-5.373 12-12 12zM12 192h424c6.627 0 12 5.373 12 12v260c0 26.51-21.49 48-48 48H48c-26.51 0-48-21.49-48-48V204c0-6.627 5.373-12 12-12zm333.296 95.947l-28.169-28.398c-4.667-4.705-12.265-4.736-16.97-.068L194.12 364.665l-45.98-46.352c-4.667-4.705-12.266-4.736-16.971-.068l-28.397 28.17c-4.705 4.667-4.736 12.265-.068 16.97l82.601 83.269c4.667 4.705 12.265 4.736 16.97.068l142.953-141.805c4.705-4.667 4.736-12.265.068-16.97z\"><\/path><\/svg>\t\t\t\t\t\t<\/span>\n\t\t\t\t\t\t\t\t\t\t<span class=\"elementor-icon-list-text\">Sexta, 14 de junho<\/span>\n\t\t\t\t\t\t\t\t\t<\/li>\n\t\t\t\t\t\t\t\t<li class=\"elementor-icon-list-item\">\n\t\t\t\t\t\t\t\t\t\t\t<span class=\"elementor-icon-list-icon\">\n\t\t\t\t\t\t\t<svg aria-hidden=\"true\" class=\"e-font-icon-svg e-fas-map-marked-alt\" viewBox=\"0 0 576 512\" xmlns=\"http:\/\/www.w3.org\/2000\/svg\"><path d=\"M288 0c-69.59 0-126 56.41-126 126 0 56.26 82.35 158.8 113.9 196.02 6.39 7.54 17.82 7.54 24.2 0C331.65 284.8 414 182.26 414 126 414 56.41 357.59 0 288 0zm0 168c-23.2 0-42-18.8-42-42s18.8-42 42-42 42 18.8 42 42-18.8 42-42 42zM20.12 215.95A32.006 32.006 0 0 0 0 245.66v250.32c0 11.32 11.43 19.06 21.94 14.86L160 448V214.92c-8.84-15.98-16.07-31.54-21.25-46.42L20.12 215.95zM288 359.67c-14.07 0-27.38-6.18-36.51-16.96-19.66-23.2-40.57-49.62-59.49-76.72v182l192 64V266c-18.92 27.09-39.82 53.52-59.49 76.72-9.13 10.77-22.44 16.95-36.51 16.95zm266.06-198.51L416 224v288l139.88-55.95A31.996 31.996 0 0 0 576 426.34V176.02c0-11.32-11.43-19.06-21.94-14.86z\"><\/path><\/svg>\t\t\t\t\t\t<\/span>\n\t\t\t\t\t\t\t\t\t\t<span class=\"elementor-icon-list-text\">Sala 1<\/span>\n\t\t\t\t\t\t\t\t\t<\/li>\n\t\t\t\t\t\t\t\t<li class=\"elementor-icon-list-item\">\n\t\t\t\t\t\t\t\t\t\t\t<span class=\"elementor-icon-list-icon\">\n\t\t\t\t\t\t\t<svg aria-hidden=\"true\" class=\"e-font-icon-svg e-fas-user-tie\" viewBox=\"0 0 448 512\" xmlns=\"http:\/\/www.w3.org\/2000\/svg\"><path d=\"M224 256c70.7 0 128-57.3 128-128S294.7 0 224 0 96 57.3 96 128s57.3 128 128 128zm95.8 32.6L272 480l-32-136 32-56h-96l32 56-32 136-47.8-191.4C56.9 292 0 350.3 0 422.4V464c0 26.5 21.5 48 48 48h352c26.5 0 48-21.5 48-48v-41.6c0-72.1-56.9-130.4-128.2-133.8z\"><\/path><\/svg>\t\t\t\t\t\t<\/span>\n\t\t\t\t\t\t\t\t\t\t<span class=\"elementor-icon-list-text\">Gregory Medeiros e Marcello Magri<\/span>\n\t\t\t\t\t\t\t\t\t<\/li>\n\t\t\t\t\t\t<\/ul>\n\t\t\t\t<\/div>\n\t\t\t\t<\/div>\n\t\t\t\t<\/div>\n\t\t<div class=\"elementor-element elementor-element-3501790b e-con-full e-flex e-con e-child\" data-id=\"3501790b\" data-element_type=\"container\">\n\t\t\t\t<div class=\"elementor-element elementor-element-b48a6a6 elementor-widget elementor-widget-elementskit-team\" data-id=\"b48a6a6\" data-element_type=\"widget\" data-widget_type=\"elementskit-team.default\">\n\t\t\t\t<div class=\"elementor-widget-container\">\n\t\t\t<div class=\"ekit-wid-con\">\t\t\t\t\t\t\t\t\n\t\t<div class=\"profile-card elementor-animation- text-center ekit-team-style-default\">\n\t\t\t\t\t\t\t<a aria-label=\"profile\" href=\"javascript:void(0)\" data-mfp-src=\"#ekit_team_modal_b48a6a6_1210\" class=\"ekit-team-popup\">\n\t\t\t\t\t\t\n\t\t\t\t<div class=\"profile-header ekit-team-img ekit-img-overlay ekit-team-img-block\"  data-toggle=\"modal\" data-target=\"ekit_team_modal_#b48a6a6_1210\" >\n\t\t\t\t\t<img fetchpriority=\"high\" decoding=\"async\" width=\"800\" height=\"800\" src=\"https:\/\/forumsepse.com.br\/2024\/wp-content\/uploads\/2024\/05\/Gregory-Medeiros-foto.jpg\" class=\"attachment-large size-large wp-image-1323\" alt=\"\" srcset=\"https:\/\/forumsepse.com.br\/2024\/wp-content\/uploads\/2024\/05\/Gregory-Medeiros-foto.jpg 854w, https:\/\/forumsepse.com.br\/2024\/wp-content\/uploads\/2024\/05\/Gregory-Medeiros-foto-300x300.jpg 300w, https:\/\/forumsepse.com.br\/2024\/wp-content\/uploads\/2024\/05\/Gregory-Medeiros-foto-150x150.jpg 150w, https:\/\/forumsepse.com.br\/2024\/wp-content\/uploads\/2024\/05\/Gregory-Medeiros-foto-768x768.jpg 768w, https:\/\/forumsepse.com.br\/2024\/wp-content\/uploads\/2024\/05\/Gregory-Medeiros-foto-500x500.jpg 500w\" sizes=\"(max-width: 800px) 100vw, 800px\" \/>\t\t\t\t<\/div><!-- .profile-header END -->\n\t\t\t\t\t\t\t<\/a>\n\t\t\t\t\t\t\n\n\t\t\t\t<div class=\"profile-body\">\n\t\t\t\t\t\n\t\t\t\t\t<h2 class=\"profile-title\">\n\t\t\t\t\t\t\t\t\t\t\t<a aria-label=\"profile\" href=\"javascript:void(0)\" data-mfp-src=\"#ekit_team_modal_b48a6a6_1210\" class=\"ekit-team-popup\">\n\t\t\t\t\t\tGregory Medeiros\t\t\t\t\t\t<\/a>\n\t\t\t\t\t\t\t\t\t\t\t<\/h2>\n\t\t\t\t\t<p class=\"profile-designation\">Ver curr\u00edculo<\/p>\n\t\t\t\t\t\t\t\t\t<\/div><!-- .profile-body END -->\n\n\t\t\t\t\t\t\t\t<\/div>\n\t\t\t\t\t\t\t\n\t\t\t\n\t\t\t\t\t<div class=\"zoom-anim-dialog mfp-hide elementskit-team-popup team-popup-id-b48a6a6\" id=\"ekit_team_modal_b48a6a6_1210\" tabindex=\"-1\" role=\"dialog\" aria-hidden=\"true\">\n\t\t\t\t<div class=\"modal-dialog modal-dialog-centered\" role=\"document\">\n\t\t\t\t\t<div class=\"modal-content\">\n\t\t\t\t\t\t<button type=\"button\" class=\"ekit-team-modal-close\">\n\t\t\t\t\t\t\t<svg aria-hidden=\"true\" class=\"e-font-icon-svg e-fas-times\" viewBox=\"0 0 352 512\" xmlns=\"http:\/\/www.w3.org\/2000\/svg\"><path d=\"M242.72 256l100.07-100.07c12.28-12.28 12.28-32.19 0-44.48l-22.24-22.24c-12.28-12.28-32.19-12.28-44.48 0L176 189.28 75.93 89.21c-12.28-12.28-32.19-12.28-44.48 0L9.21 111.45c-12.28 12.28-12.28 32.19 0 44.48L109.28 256 9.21 356.07c-12.28 12.28-12.28 32.19 0 44.48l22.24 22.24c12.28 12.28 32.2 12.28 44.48 0L176 322.72l100.07 100.07c12.28 12.28 32.2 12.28 44.48 0l22.24-22.24c12.28-12.28 12.28-32.19 0-44.48L242.72 256z\"><\/path><\/svg>\t\t\t\t\t\t<\/button>\n\n\t\t\t\t\t\t<div class=\"modal-body\">\n\t\t\t\t\t\t\t\t\t\t\t\t\t\t\t<div class=\"ekit-team-modal-img\">\n\t\t\t\t\t\t\t\t\t<img fetchpriority=\"high\" decoding=\"async\" width=\"800\" height=\"800\" src=\"https:\/\/forumsepse.com.br\/2024\/wp-content\/uploads\/2024\/05\/Gregory-Medeiros-foto.jpg\" class=\"attachment-large size-large wp-image-1323\" alt=\"\" srcset=\"https:\/\/forumsepse.com.br\/2024\/wp-content\/uploads\/2024\/05\/Gregory-Medeiros-foto.jpg 854w, https:\/\/forumsepse.com.br\/2024\/wp-content\/uploads\/2024\/05\/Gregory-Medeiros-foto-300x300.jpg 300w, https:\/\/forumsepse.com.br\/2024\/wp-content\/uploads\/2024\/05\/Gregory-Medeiros-foto-150x150.jpg 150w, https:\/\/forumsepse.com.br\/2024\/wp-content\/uploads\/2024\/05\/Gregory-Medeiros-foto-768x768.jpg 768w, https:\/\/forumsepse.com.br\/2024\/wp-content\/uploads\/2024\/05\/Gregory-Medeiros-foto-500x500.jpg 500w\" sizes=\"(max-width: 800px) 100vw, 800px\" \/>\t\t\t\t\t\t\t\t<\/div>\n\t\t\t\t\t\t\t\n\t\t\t\t\t\t\t<div class=\"ekit-team-modal-info has-img\">\n\t\t\t\t\t\t\t\t<h2 class=\"ekit-team-modal-title\">Gregory Medeiros<\/h2>\n\t\t\t\t\t\t\t\t<p class=\"ekit-team-modal-position\">Ver curr\u00edculo<\/p>\n\t\t\t\t\t\t\t\t\n\t\t\t\t\t\t\t\t<div class=\"ekit-team-modal-content\">\n\t\t\t\t\t\t\t\t\tMestre e Doutorando em Ci\u00eancias M\u00e9dicas pela Universidade Federal do Rio Grande do Sul (UFRGS)<br \/>\nProfessor da Faculdade de Medicina da Universidade do Vale do Rio dos Sinos (UNISINOS)\nM\u00e9dico Intensivista do Centro de Tratamento Intensivo (CTI) do Hospital Moinhos de Vento (HMV) e do Hospital M\u00e3e de Deus (HMD)\n\t\t\t\t\t\t\t\t<\/div>\n\n\t\t\t\t\t\t\t\t\t\t\t\t\t\t\t\t\n\t\t\t\t\t\t\t\t\t\t\t\t\t\t\t<\/div>\n\t\t\t\t\t\t<\/div>\n\t\t\t\t\t<\/div>\n\t\t\t\t<\/div>\n\t\t\t<\/div>\n\t\t\t\t<\/div>\t\t<\/div>\n\t\t\t\t<\/div>\n\t\t\t\t<\/div>\n\t\t<div class=\"elementor-element elementor-element-50affcd7 e-con-full e-flex e-con e-child\" data-id=\"50affcd7\" data-element_type=\"container\">\n\t\t\t\t<div class=\"elementor-element elementor-element-4ba5730b elementor-widget elementor-widget-elementskit-team\" data-id=\"4ba5730b\" data-element_type=\"widget\" data-widget_type=\"elementskit-team.default\">\n\t\t\t\t<div class=\"elementor-widget-container\">\n\t\t\t<div class=\"ekit-wid-con\">\t\t\t\t\t\t\t\t\n\t\t<div class=\"profile-card elementor-animation- text-center ekit-team-style-default\">\n\t\t\t\t\t\t\t<a aria-label=\"profile\" href=\"javascript:void(0)\" data-mfp-src=\"#ekit_team_modal_4ba5730b_1210\" class=\"ekit-team-popup\">\n\t\t\t\t\t\t\n\t\t\t\t<div class=\"profile-header ekit-team-img ekit-img-overlay ekit-team-img-block\"  data-toggle=\"modal\" data-target=\"ekit_team_modal_#4ba5730b_1210\" >\n\t\t\t\t\t<img decoding=\"async\" width=\"800\" height=\"800\" src=\"https:\/\/forumsepse.com.br\/2024\/wp-content\/uploads\/2024\/05\/Marcello-Magri-foto-1024x1024.jpg\" class=\"attachment-large size-large wp-image-1324\" alt=\"\" srcset=\"https:\/\/forumsepse.com.br\/2024\/wp-content\/uploads\/2024\/05\/Marcello-Magri-foto-1024x1024.jpg 1024w, https:\/\/forumsepse.com.br\/2024\/wp-content\/uploads\/2024\/05\/Marcello-Magri-foto-300x300.jpg 300w, https:\/\/forumsepse.com.br\/2024\/wp-content\/uploads\/2024\/05\/Marcello-Magri-foto-150x150.jpg 150w, https:\/\/forumsepse.com.br\/2024\/wp-content\/uploads\/2024\/05\/Marcello-Magri-foto-768x768.jpg 768w, https:\/\/forumsepse.com.br\/2024\/wp-content\/uploads\/2024\/05\/Marcello-Magri-foto-500x500.jpg 500w, https:\/\/forumsepse.com.br\/2024\/wp-content\/uploads\/2024\/05\/Marcello-Magri-foto.jpg 1125w\" sizes=\"(max-width: 800px) 100vw, 800px\" \/>\t\t\t\t<\/div><!-- .profile-header END -->\n\t\t\t\t\t\t\t<\/a>\n\t\t\t\t\t\t\n\n\t\t\t\t<div class=\"profile-body\">\n\t\t\t\t\t\n\t\t\t\t\t<h2 class=\"profile-title\">\n\t\t\t\t\t\t\t\t\t\t\t<a aria-label=\"profile\" href=\"javascript:void(0)\" data-mfp-src=\"#ekit_team_modal_4ba5730b_1210\" class=\"ekit-team-popup\">\n\t\t\t\t\t\tMarcello Magri\t\t\t\t\t\t<\/a>\n\t\t\t\t\t\t\t\t\t\t\t<\/h2>\n\t\t\t\t\t<p class=\"profile-designation\">Ver curr\u00edculo<\/p>\n\t\t\t\t\t\t\t\t\t<\/div><!-- .profile-body END -->\n\n\t\t\t\t\t\t\t\t<\/div>\n\t\t\t\t\t\t\t\n\t\t\t\n\t\t\t\t\t<div class=\"zoom-anim-dialog mfp-hide elementskit-team-popup team-popup-id-4ba5730b\" id=\"ekit_team_modal_4ba5730b_1210\" tabindex=\"-1\" role=\"dialog\" aria-hidden=\"true\">\n\t\t\t\t<div class=\"modal-dialog modal-dialog-centered\" role=\"document\">\n\t\t\t\t\t<div class=\"modal-content\">\n\t\t\t\t\t\t<button type=\"button\" class=\"ekit-team-modal-close\">\n\t\t\t\t\t\t\t<svg aria-hidden=\"true\" class=\"e-font-icon-svg e-fas-times\" viewBox=\"0 0 352 512\" xmlns=\"http:\/\/www.w3.org\/2000\/svg\"><path d=\"M242.72 256l100.07-100.07c12.28-12.28 12.28-32.19 0-44.48l-22.24-22.24c-12.28-12.28-32.19-12.28-44.48 0L176 189.28 75.93 89.21c-12.28-12.28-32.19-12.28-44.48 0L9.21 111.45c-12.28 12.28-12.28 32.19 0 44.48L109.28 256 9.21 356.07c-12.28 12.28-12.28 32.19 0 44.48l22.24 22.24c12.28 12.28 32.2 12.28 44.48 0L176 322.72l100.07 100.07c12.28 12.28 32.2 12.28 44.48 0l22.24-22.24c12.28-12.28 12.28-32.19 0-44.48L242.72 256z\"><\/path><\/svg>\t\t\t\t\t\t<\/button>\n\n\t\t\t\t\t\t<div class=\"modal-body\">\n\t\t\t\t\t\t\t\t\t\t\t\t\t\t\t<div class=\"ekit-team-modal-img\">\n\t\t\t\t\t\t\t\t\t<img decoding=\"async\" width=\"800\" height=\"800\" src=\"https:\/\/forumsepse.com.br\/2024\/wp-content\/uploads\/2024\/05\/Marcello-Magri-foto-1024x1024.jpg\" class=\"attachment-large size-large wp-image-1324\" alt=\"\" srcset=\"https:\/\/forumsepse.com.br\/2024\/wp-content\/uploads\/2024\/05\/Marcello-Magri-foto-1024x1024.jpg 1024w, https:\/\/forumsepse.com.br\/2024\/wp-content\/uploads\/2024\/05\/Marcello-Magri-foto-300x300.jpg 300w, https:\/\/forumsepse.com.br\/2024\/wp-content\/uploads\/2024\/05\/Marcello-Magri-foto-150x150.jpg 150w, https:\/\/forumsepse.com.br\/2024\/wp-content\/uploads\/2024\/05\/Marcello-Magri-foto-768x768.jpg 768w, https:\/\/forumsepse.com.br\/2024\/wp-content\/uploads\/2024\/05\/Marcello-Magri-foto-500x500.jpg 500w, https:\/\/forumsepse.com.br\/2024\/wp-content\/uploads\/2024\/05\/Marcello-Magri-foto.jpg 1125w\" sizes=\"(max-width: 800px) 100vw, 800px\" \/>\t\t\t\t\t\t\t\t<\/div>\n\t\t\t\t\t\t\t\n\t\t\t\t\t\t\t<div class=\"ekit-team-modal-info has-img\">\n\t\t\t\t\t\t\t\t<h2 class=\"ekit-team-modal-title\">Marcello Magri<\/h2>\n\t\t\t\t\t\t\t\t<p class=\"ekit-team-modal-position\">Ver curr\u00edculo<\/p>\n\t\t\t\t\t\t\t\t\n\t\t\t\t\t\t\t\t<div class=\"ekit-team-modal-content\">\n\t\t\t\t\t\t\t\t\tM\u00e9dico Infectologista da Divis\u00e3o de Cl\u00ednica de Mol\u00e9stias Infecciosas e Parasit\u00e1rias do Hospital das Cl\u00ednicas da Faculdade de Medicina da Universidade de S\u00e3o Paulo, do Centro de Refer\u00eancia e Treinamento em DST\/Aids do Estado de S\u00e3o Paulo e da URDIP da Faculdade de Medicina do ABC\nDoutorado em Doen\u00e7as Infecciosas e Parasit\u00e1rias pela Faculdade de Medicina da Universidade de S\u00e3o Paulo, Brasil (2012)<br \/>\nDiretor T\u00e9cnico de Servi\u00e7o de Sa\u00fade da Divis\u00e3o de Cl\u00ednica de Mol\u00e9stias Infecciosas e Parasit\u00e1rias do HCFMUSP\n\t\t\t\t\t\t\t\t<\/div>\n\n\t\t\t\t\t\t\t\t\t\t\t\t\t\t\t\t\n\t\t\t\t\t\t\t\t\t\t\t\t\t\t\t<\/div>\n\t\t\t\t\t\t<\/div>\n\t\t\t\t\t<\/div>\n\t\t\t\t<\/div>\n\t\t\t<\/div>\n\t\t\t\t<\/div>\t\t<\/div>\n\t\t\t\t<\/div>\n\t\t\t\t<\/div>\n\t\t\t\t\t<\/div>\n\t\t\t\t<\/div>\n\t\t\t\t<\/div>\n\t\t","protected":false},"excerpt":{"rendered":"<p>Simp\u00f3sio Sat\u00e9lite Mundipharma &#8211; Introduzindo REZZAYO\u00ae (rezafungina), a primeira equinocandina de uso semanal 12:30 &#8211; 13:10 Sexta, 14 de junho Sala 1 Gregory Medeiros e Marcello Magri Gregory Medeiros Ver curr\u00edculo Gregory Medeiros Ver curr\u00edculo Mestre e Doutorando em Ci\u00eancias M\u00e9dicas pela Universidade Federal do Rio Grande do Sul (UFRGS) Professor da Faculdade de Medicina [&hellip;]<\/p>\n","protected":false},"author":1,"featured_media":0,"parent":0,"menu_order":0,"comment_status":"closed","ping_status":"closed","template":"elementor_header_footer","meta":{"_joinchat":[],"footnotes":""},"class_list":["post-1210","page","type-page","status-publish","hentry"],"aioseo_notices":[],"_links":{"self":[{"href":"https:\/\/forumsepse.com.br\/2024\/wp-json\/wp\/v2\/pages\/1210","targetHints":{"allow":["GET"]}}],"collection":[{"href":"https:\/\/forumsepse.com.br\/2024\/wp-json\/wp\/v2\/pages"}],"about":[{"href":"https:\/\/forumsepse.com.br\/2024\/wp-json\/wp\/v2\/types\/page"}],"author":[{"embeddable":true,"href":"https:\/\/forumsepse.com.br\/2024\/wp-json\/wp\/v2\/users\/1"}],"replies":[{"embeddable":true,"href":"https:\/\/forumsepse.com.br\/2024\/wp-json\/wp\/v2\/comments?post=1210"}],"version-history":[{"count":13,"href":"https:\/\/forumsepse.com.br\/2024\/wp-json\/wp\/v2\/pages\/1210\/revisions"}],"predecessor-version":[{"id":1359,"href":"https:\/\/forumsepse.com.br\/2024\/wp-json\/wp\/v2\/pages\/1210\/revisions\/1359"}],"wp:attachment":[{"href":"https:\/\/forumsepse.com.br\/2024\/wp-json\/wp\/v2\/media?parent=1210"}],"curies":[{"name":"wp","href":"https:\/\/api.w.org\/{rel}","templated":true}]}}