{"id":13,"date":"2023-12-19T16:32:37","date_gmt":"2023-12-19T19:32:37","guid":{"rendered":"https:\/\/ccmed.com.br\/sepse\/?page_id=13"},"modified":"2023-12-20T09:01:21","modified_gmt":"2023-12-20T12:01:21","slug":"mensagem-da-comissao","status":"publish","type":"page","link":"https:\/\/forumsepse.com.br\/2024\/mensagem-da-comissao\/","title":{"rendered":"Mensagem da Comiss\u00e3o"},"content":{"rendered":"\t\t<div data-elementor-type=\"wp-page\" data-elementor-id=\"13\" class=\"elementor elementor-13\" data-elementor-post-type=\"page\">\n\t\t\t\t<div class=\"elementor-element elementor-element-92c12b1 e-flex e-con-boxed e-con e-parent\" data-id=\"92c12b1\" data-element_type=\"container\" data-settings=\"{&quot;background_background&quot;:&quot;classic&quot;}\">\n\t\t\t\t\t<div class=\"e-con-inner\">\n\t\t\t\t\t<\/div>\n\t\t\t\t<\/div>\n\t\t<div class=\"elementor-element elementor-element-f05dfb3 e-flex e-con-boxed e-con e-parent\" data-id=\"f05dfb3\" data-element_type=\"container\">\n\t\t\t\t\t<div class=\"e-con-inner\">\n\t\t\t\t<div class=\"elementor-element elementor-element-fba6489 elementor-widget elementor-widget-text-editor\" data-id=\"fba6489\" data-element_type=\"widget\" data-widget_type=\"text-editor.default\">\n\t\t\t\t<div class=\"elementor-widget-container\">\n\t\t\t\t\t\t\t<p>O Instituto Latino-americano de Sepse est\u00e1 se preparando para a vig\u00e9sima edi\u00e7\u00e3o deste encontro. O XX F\u00f3rum Internacional de Sepse ocorrer\u00e1 nos dias 13 e 14 de junho de 2024, em S\u00e3o Paulo. Estamos organizando um evento especial com palestrantes nacionais e internacionais renomados.<\/p><p>O F\u00f3rum tem o objetivo de compartilhar e discutir atualiza\u00e7\u00f5es importantes na \u00e1rea de infec\u00e7\u00e3o e sepse com todos os profissionais das m\u00faltiplas profiss\u00f5es interessados no assunto. Todos os anos reunimos pessoas das mais diversas \u00e1reas, com o objetivo \u00fanico de mudar a realidade da sepse em nosso pa\u00eds.<\/p><p>Estamos elaborando uma programa\u00e7\u00e3o atual e diversificada para que tenhamos discuss\u00f5es interessantes entre os participantes. Este ano falaremos muito sobre \u201cA linha do cuidado do paciente com sepse\u201d.<\/p><p>Manteremos o espa\u00e7o multiprofissional, al\u00e9m da sala de pediatria e neonatologia e aspectos de ci\u00eancia translacional. Teremos novidades durante a programa\u00e7\u00e3o desta edi\u00e7\u00e3o t\u00e3o especial.<\/p><p>Esperamos voc\u00eas para compartilhar com o ILAS a XX edi\u00e7\u00e3o do F\u00f3rum Internacional de Sepse.<\/p>\t\t\t\t\t\t<\/div>\n\t\t\t\t<\/div>\n\t\t\t\t\t<\/div>\n\t\t\t\t<\/div>\n\t\t<div class=\"elementor-element elementor-element-b805cc4 e-flex e-con-boxed e-con e-parent\" data-id=\"b805cc4\" data-element_type=\"container\">\n\t\t\t\t\t<div class=\"e-con-inner\">\n\t\t<div class=\"elementor-element elementor-element-389f479 e-con-full e-flex e-con e-child\" data-id=\"389f479\" data-element_type=\"container\">\n\t\t\t\t<div class=\"elementor-element elementor-element-acaffdb elementor-widget elementor-widget-button\" data-id=\"acaffdb\" data-element_type=\"widget\" data-widget_type=\"button.default\">\n\t\t\t\t<div class=\"elementor-widget-container\">\n\t\t\t\t\t\t\t<div class=\"elementor-button-wrapper\">\n\t\t\t\t\t<a class=\"elementor-button elementor-button-link elementor-size-sm\" href=\"https:\/\/forumsepse.com.br\/2024\/index.php\/comissao-cientifica\/\">\n\t\t\t\t\t\t<span class=\"elementor-button-content-wrapper\">\n\t\t\t\t\t\t\t\t\t<span class=\"elementor-button-text\">Comiss\u00e3o Cient\u00edfica<\/span>\n\t\t\t\t\t<\/span>\n\t\t\t\t\t<\/a>\n\t\t\t\t<\/div>\n\t\t\t\t\t\t<\/div>\n\t\t\t\t<\/div>\n\t\t\t\t<\/div>\n\t\t<div class=\"elementor-element elementor-element-4954fb9 e-con-full e-flex e-con e-child\" data-id=\"4954fb9\" data-element_type=\"container\">\n\t\t\t\t<div class=\"elementor-element elementor-element-edd53b5 elementor-widget elementor-widget-button\" data-id=\"edd53b5\" data-element_type=\"widget\" data-widget_type=\"button.default\">\n\t\t\t\t<div class=\"elementor-widget-container\">\n\t\t\t\t\t\t\t<div class=\"elementor-button-wrapper\">\n\t\t\t\t\t<a class=\"elementor-button elementor-button-link elementor-size-sm\" href=\"https:\/\/forumsepse.com.br\/2024\/index.php\/comissao-organizadora\/\">\n\t\t\t\t\t\t<span class=\"elementor-button-content-wrapper\">\n\t\t\t\t\t\t\t\t\t<span class=\"elementor-button-text\">Comiss\u00e3o Organizadora<\/span>\n\t\t\t\t\t<\/span>\n\t\t\t\t\t<\/a>\n\t\t\t\t<\/div>\n\t\t\t\t\t\t<\/div>\n\t\t\t\t<\/div>\n\t\t\t\t<\/div>\n\t\t<div class=\"elementor-element elementor-element-961f719 e-con-full e-flex e-con e-child\" data-id=\"961f719\" data-element_type=\"container\">\n\t\t\t\t<div class=\"elementor-element elementor-element-6c67553 elementor-widget elementor-widget-button\" data-id=\"6c67553\" data-element_type=\"widget\" data-widget_type=\"button.default\">\n\t\t\t\t<div class=\"elementor-widget-container\">\n\t\t\t\t\t\t\t<div class=\"elementor-button-wrapper\">\n\t\t\t\t\t<a class=\"elementor-button elementor-button-link elementor-size-sm\" href=\"https:\/\/forumsepse.com.br\/2024\/index.php\/local-do-evento\/\">\n\t\t\t\t\t\t<span class=\"elementor-button-content-wrapper\">\n\t\t\t\t\t\t\t\t\t<span class=\"elementor-button-text\">Local do Evento<\/span>\n\t\t\t\t\t<\/span>\n\t\t\t\t\t<\/a>\n\t\t\t\t<\/div>\n\t\t\t\t\t\t<\/div>\n\t\t\t\t<\/div>\n\t\t\t\t<\/div>\n\t\t\t\t\t<\/div>\n\t\t\t\t<\/div>\n\t\t\t\t<\/div>\n\t\t","protected":false},"excerpt":{"rendered":"<p>O Instituto Latino-americano de Sepse est\u00e1 se preparando para a vig\u00e9sima edi\u00e7\u00e3o deste encontro. O XX F\u00f3rum Internacional de Sepse ocorrer\u00e1 nos dias 13 e 14 de junho de 2024, em S\u00e3o Paulo. Estamos organizando um evento especial com palestrantes nacionais e internacionais renomados. O F\u00f3rum tem o objetivo de compartilhar e discutir atualiza\u00e7\u00f5es importantes [&hellip;]<\/p>\n","protected":false},"author":1,"featured_media":0,"parent":0,"menu_order":0,"comment_status":"closed","ping_status":"closed","template":"elementor_header_footer","meta":{"_joinchat":[],"footnotes":""},"class_list":["post-13","page","type-page","status-publish","hentry"],"aioseo_notices":[],"_links":{"self":[{"href":"https:\/\/forumsepse.com.br\/2024\/wp-json\/wp\/v2\/pages\/13","targetHints":{"allow":["GET"]}}],"collection":[{"href":"https:\/\/forumsepse.com.br\/2024\/wp-json\/wp\/v2\/pages"}],"about":[{"href":"https:\/\/forumsepse.com.br\/2024\/wp-json\/wp\/v2\/types\/page"}],"author":[{"embeddable":true,"href":"https:\/\/forumsepse.com.br\/2024\/wp-json\/wp\/v2\/users\/1"}],"replies":[{"embeddable":true,"href":"https:\/\/forumsepse.com.br\/2024\/wp-json\/wp\/v2\/comments?post=13"}],"version-history":[{"count":22,"href":"https:\/\/forumsepse.com.br\/2024\/wp-json\/wp\/v2\/pages\/13\/revisions"}],"predecessor-version":[{"id":285,"href":"https:\/\/forumsepse.com.br\/2024\/wp-json\/wp\/v2\/pages\/13\/revisions\/285"}],"wp:attachment":[{"href":"https:\/\/forumsepse.com.br\/2024\/wp-json\/wp\/v2\/media?parent=13"}],"curies":[{"name":"wp","href":"https:\/\/api.w.org\/{rel}","templated":true}]}}