{"id":1527,"date":"2024-07-04T23:00:37","date_gmt":"2024-07-05T02:00:37","guid":{"rendered":"https:\/\/forumsepse.com.br\/?page_id=1527"},"modified":"2024-07-04T23:24:11","modified_gmt":"2024-07-05T02:24:11","slug":"anais-temas-livres","status":"publish","type":"page","link":"https:\/\/forumsepse.com.br\/2024\/anais-temas-livres\/","title":{"rendered":"Anais Temas Livres"},"content":{"rendered":"\t\t<div data-elementor-type=\"wp-page\" data-elementor-id=\"1527\" class=\"elementor elementor-1527\" data-elementor-post-type=\"page\">\n\t\t\t\t<div class=\"elementor-element elementor-element-39d8b019 e-flex e-con-boxed e-con e-parent\" data-id=\"39d8b019\" data-element_type=\"container\" data-settings=\"{&quot;background_background&quot;:&quot;classic&quot;}\">\n\t\t\t\t\t<div class=\"e-con-inner\">\n\t\t\t\t\t<\/div>\n\t\t\t\t<\/div>\n\t\t<div class=\"elementor-element elementor-element-7b16bf8 e-flex e-con-boxed e-con e-parent\" data-id=\"7b16bf8\" data-element_type=\"container\">\n\t\t\t\t\t<div class=\"e-con-inner\">\n\t\t\t\t<div class=\"elementor-element elementor-element-1ad1eec elementor-widget elementor-widget-text-editor\" data-id=\"1ad1eec\" data-element_type=\"widget\" data-widget_type=\"text-editor.default\">\n\t\t\t\t<div class=\"elementor-widget-container\">\n\t\t\t\t\t\t\t<p><strong><em>\u00a0Trabalhos premiados<\/em><\/strong><\/p><p><strong><a href=\"https:\/\/forumsepse.com.br\/2024\/wp-content\/uploads\/2024\/02\/1178052-Resumo.pdf\">T\u00edtulo: Macr\u00f3fagos espl\u00eanicos comunicam-se com o f\u00edgado na inflama\u00e7\u00e3o sist\u00eamica aguda<\/a><\/strong><\/p><p>\u00c1rea: B\u00e1sica Translacional<\/p><p>Tipo do Trabalho: Trabalho original<\/p><p>Atores: Caroline Martins de Matos; Jessica Ribeiro Nunes; Giovana Cassone Salata; Luciana Biagini Lopes; Carlos Henrique Serezani; Alexandre A. Steiner<\/p><p>Apresentador(a): Caroline Martins de Matos<\/p><p>\u00a0<\/p><p><strong><a href=\"https:\/\/forumsepse.com.br\/2024\/wp-content\/uploads\/2024\/02\/8517276-Resumo.pdf\">T\u00edtulo: Vasodilation as a Key Feature of Microcirculatory Dysfunction in Sepsis Survivors<\/a><\/strong><\/p><p>\u00c1rea: Cl\u00ednica Adulto<\/p><p>Tipo do Trabalho: Trabalho original<\/p><p>Atores: Guilherme Kawabata Ajeka; Ana Maria Alvim Liberatore; Ye Ram Kang; Marta Naomi Nakamae; Giovana Correia Obara; Rodrigo Barbosa de Souza; Tatiane Lissa Yamada; Ivan Hong Jun Koh<\/p><p>Apresentador(a): Guilherme Kawabata Ajeka<\/p><p>\u00a0<\/p><p><strong><em>Anais<\/em><\/strong><\/p><p><strong><a href=\"https:\/\/forumsepse.com.br\/2024\/wp-content\/uploads\/2024\/02\/1040427-Resumo.pdf\">T\u00edtulo: A Estrat\u00e9gia Sem\u00e1foro para engajamento de equipes no desenvolvimento de um projeto PROADI-SUS<\/a><\/strong><\/p><p>\u00c1rea: Cl\u00ednica Adulto<\/p><p>Tipo do Trabalho: Relato de Caso<\/p><p>Atores: Jennifer Fraga Carvalho; Camila Santos Almeida; Marcela Ambrosio Lollato; Carina Tischler Pires; Giselle Franco Santos; Lays Murta da Mata; L\u00edcia Maria Costa Lima; Nauyla Miranda da Costa; V\u00e2nia Rodrigues Bezerra<\/p><p>Apresentador(a): Jennifer Fraga Carvalho<\/p><p>\u00a0<\/p><p><a href=\"https:\/\/forumsepse.com.br\/2024\/wp-content\/uploads\/2024\/02\/1150618-Resumo.pdf\"><strong>T\u00edtulo: Ac\u00famulo h\u00eddrico em crian\u00e7as gravemente doentes: revis\u00e3o sistem\u00e1tica e meta-an\u00e1lise<\/strong><\/a><\/p><p>\u00c1rea: Cl\u00ednica Pedi\u00e1trica<\/p><p>Tipo do Trabalho: Trabalho original<\/p><p>Atores: Victoria Carneiro Lintz; Rafaela Ara\u00fajo Vieira; Fernando de Lima Carioca; Isabel de Siqueira Ferraz; Humberto Magalh\u00e3es Silva; Andrea Maria Cordeiro Ventura; Daniela de Souza Carla; Roberto Jos\u00e9 Negr\u00e3o Nogueira; Tiago Henrique de Souza<\/p><p>Apresentador(a): Victoria Carneiro Lintz<\/p><p>\u00a0<\/p><p><a href=\"https:\/\/forumsepse.com.br\/2024\/wp-content\/uploads\/2024\/02\/1562905-Resumo.pdf\"><strong>T\u00edtulo: Plataforma biofot\u00f4nica acoplada a algoritmos de intelig\u00eancia artificial para a triagem n\u00e3o-invasiva da sepse neonatal pela urina<\/strong><\/a><\/p><p>\u00c1rea: Cl\u00ednica Pedi\u00e1trica<\/p><p>Tipo do Trabalho: Trabalho original<\/p><p>Atores: Mayla Silva Borges; Vivian Mara Gon\u00e7alves de Oliveira Azevedo; Camila Piqui Nascimento; Caio Augusto de Lima; Priscilla Larissa Silva Pires; Kelvyn Lucas Santos Zanetti; Bianca Landi Visconti Ferreira Gauze Rodrigues; Rayany Cristina de Souza; Mariana Ara\u00fajo Costa; Marco Guevara-Vega; Douglas Carvalho Caixeta; Mario Machado Martins; Murillo Guimara&amp;#771;es Carneiro; Mariana Gon\u00e7alves Gomes Tavolone; V\u00e2nia Olivetti Steffen Abdallah; Luiz Ricardo Goulart; Daniela Marques de Lima Mota Ferreira; Robinson Sabino-Silva<\/p><p>Apresentador(a): Mayla Silva Borges<\/p><p>\u00a0<\/p><p><a href=\"https:\/\/forumsepse.com.br\/2024\/wp-content\/uploads\/2024\/02\/1676914-Resumo.pdf\"><strong>T\u00edtulo: Crit\u00e9rios definidores do uso de antibi\u00f3tico profilaxia para hiperprolifera\u00e7\u00e3o bacteriana (SIBO) em pacientes pedi\u00e1tricos com s\u00edndrome do intestino curto (SIC) acompanhados no Instituto Fernandes Figueira<\/strong><\/a><\/p><p>\u00c1rea: Cl\u00ednica Pedi\u00e1trica<\/p><p>Tipo do Trabalho: Trabalho original<\/p><p>Atores: MARIA FERNANDA DE MIRANDA REIS DO REGO; Hugo Caire de Castro Faria Neto; C\u00e9lia Regina Moutinho de Miranda Chaves<\/p><p>Apresentador(a): Maria Fernanda de Miranda Reis do Rego<\/p><p>\u00a0<\/p><p><strong><a href=\"https:\/\/forumsepse.com.br\/2024\/wp-content\/uploads\/2024\/02\/1705371-Resumo.pdf\">T\u00edtulo: Detec\u00e7\u00e3o precoce da Sepse pelo enfermeiro da Unidade de interna\u00e7\u00e3o: impacto das a\u00e7\u00f5es cont\u00ednuas do Time de deteriora\u00e7\u00e3o cl\u00ednica<\/a><\/strong><\/p><p>\u00c1rea: Cl\u00ednica Adulto<\/p><p>Tipo do Trabalho: Trabalho original<\/p><p>Atores: Priscila Teixeira de Moraes; Rosana Santos Araujo; Marta Marinho dos Santos Barbosa; Janaina do Nascimento Gabriel; Elisangela Selma Garcia Lima; Juliette Arruda Nobrega da Silva; Patricia Soares Bae Tanaka; Marcia Felisberto Lucas; Gustavo de Almeida Vieira; Ana Carolina De Morais Rego Palmieri; Carolina Augusto Bezerra<\/p><p>Apresentador(a): Priscila Teixeira de Moraes<\/p><p>\u00a0<\/p><p><strong><a href=\"https:\/\/forumsepse.com.br\/2024\/wp-content\/uploads\/2024\/02\/1832360-Resumo.pdf\">T\u00edtulo: Ades\u00e3o ao protocolo de sepse na sobrevida de pacientes admitidos em pronto atendimento de um hospital universit\u00e1rio<\/a><\/strong><\/p><p>\u00c1rea: Cl\u00ednica Adulto<\/p><p>Tipo do Trabalho: Trabalho original<\/p><p>Atores: Maria Dagmar da Rocha; Eveline Wille Bayer,; Ricardo Zanetti Gomes; Pollyanna K\u00e1ssia de Oliveira Borges; Carla Luiza da Silva; Sandra Maria Bastos Pires; Ana Luzia Rodrigues<\/p><p>Apresentador(a): Maria Dagmar da Rocha<\/p><p>\u00a0<\/p><p><a href=\"https:\/\/forumsepse.com.br\/2024\/wp-content\/uploads\/2024\/02\/1949605-Resumo.pdf\"><strong>T\u00edtulo: Papel imunomodulador do eixo espleno-hep\u00e1tico: influ\u00eancia do intervalo p\u00f3s-esplenectomia e tempo p\u00f3s-LPS<\/strong><\/a><\/p><p>\u00c1rea: B\u00e1sica Translacional<\/p><p>Tipo do Trabalho: Trabalho original<\/p><p>Atores: Manoela Osorio Reis Sales; Kathia Terumi Kato; Caroline Antunes Lino; \u00cdsis Ferraz Lib\u00f3rio Trzan; Gabriela Carvalho Santos Ferreira; Caroline Martins de Matos; Alexandre Alarcon Steiner<\/p><p>Apresentador(a): Manoela Osorio Reis Sales<\/p><p>\u00a0<\/p><p><a href=\"https:\/\/forumsepse.com.br\/2024\/wp-content\/uploads\/2024\/02\/2344506-Resumo.pdf\"><strong>T\u00edtulo: Uso de tecnologias para educa\u00e7\u00e3o em sa\u00fade sobre sepse: uma revis\u00e3o de escopo<\/strong><\/a><\/p><p>\u00c1rea: Cl\u00ednica Pedi\u00e1trica<\/p><p>Tipo do Trabalho: Trabalho original<\/p><p>Atores: Jakeline Barbara Alves; Ros\u00e2ngela Aparecida Pimenta<\/p><p>Apresentador(a): Jakeline Barbara Alves<\/p><p>\u00a0<\/p><p><strong><a href=\"https:\/\/forumsepse.com.br\/2024\/wp-content\/uploads\/2024\/02\/2640022-Resumo.pdf\">T\u00edtulo: Pacientes suspeitos de sepse: compara\u00e7\u00e3o entre casos confirmados e n\u00e3o confirmados em um pronto socorro adulto<\/a><\/strong><\/p><p>\u00c1rea: Cl\u00ednica Adulto<\/p><p>Tipo do Trabalho: Trabalho original<\/p><p>Atores: ANA LAURA MENDES COMPOI; MARIELE LENHARI GON\u00c7ALVES; ANGELITA MARIA STABILE<\/p><p>Apresentador(a): Mariele Lenhari Gon\u00e7alves<\/p><p>\u00a0<\/p><p><strong><a href=\"https:\/\/forumsepse.com.br\/2024\/wp-content\/uploads\/2024\/02\/2762682-Resumo.pdf\">T\u00edtulo: Descri\u00e7\u00e3o de um padr\u00e3o de express\u00e3o g\u00eanica de neutr\u00f3filos de baixa densidade em c\u00e9lulas mononucleares de pacientes com infe\u00e7\u00f5es e poss\u00edvel associa\u00e7\u00e3o com gravidade da doen\u00e7a<\/a><\/strong><\/p><p>\u00c1rea: Cl\u00ednica Adulto<\/p><p>Tipo do Trabalho: Trabalho original<\/p><p>Atores: Matheus Aparecido de Toledo; Jo\u00e3o Victor Souza de Lima; Giuseppe Gianini Figueiredo Leite; Reinaldo Salom\u00e3o<\/p><p>Apresentador(a): Matheus Aparecido de Toledo<\/p><p>\u00a0<\/p><p><strong><a href=\"https:\/\/forumsepse.com.br\/2024\/wp-content\/uploads\/2024\/02\/3032519-Resumo.pdf\">T\u00edtulo: PERCEP\u00c7\u00c3O DE GESTORES E PROFISSIONAIS DE SA\u00daDE SOBRE PROTOCOLO SEPSE EM SISTEMA INFORMATIZADO<\/a><\/strong><\/p><p>\u00c1rea: Cl\u00ednica Adulto<\/p><p>Tipo do Trabalho: Trabalho original<\/p><p>Atores: TARCYLIO ESDRAS DE ALMEIDA ROCHA; Mariana Maia Silveira; Patr\u00edcia Santana de Oliveira; Francisco Jackson Ferreira Uchoa<\/p><p>Apresentador(a): Tarcylio Esdras de Almeida Rocha<\/p><p>\u00a0<\/p><p><strong><a href=\"https:\/\/forumsepse.com.br\/2024\/wp-content\/uploads\/2024\/02\/3037100-Resumo.pdf\">T\u00edtulo: Implementa\u00e7\u00e3o do Protocolo Sepse em uma Unidade de Terapia Intensiva Respirat\u00f3ria: avan\u00e7os e desafios<\/a><\/strong><\/p><p>\u00c1rea: Cl\u00ednica Adulto<\/p><p>Tipo do Trabalho: Relato de Caso<\/p><p>Atores: Larissa Bertacchini de Oliveira; Rosemeire de Oliveira Pontes; Anne Caroline Almeida de Sousa; Maria Aparecida Batist\u00e3o Gon\u00e7alves; Marcelo Britto Passos Amato<\/p><p>Apresentador(a): Larissa Bertacchini de Oliveira<\/p><p>\u00a0<\/p><p><a href=\"https:\/\/forumsepse.com.br\/2024\/wp-content\/uploads\/2024\/02\/3163802-Resumo.pdf\"><strong>T\u00edtulo: Sepse por tricosporonose: relato de caso<\/strong><\/a><\/p><p>\u00c1rea: Cl\u00ednica Adulto<\/p><p>Tipo do Trabalho: Relato de Caso<\/p><p>Atores: Paula Portugal Vilela; Amanda Cristina Tassi; Giovana Battaglia; Maria Luisa Arenga; Adriano Bertuccio<\/p><p>Apresentador(a): Paula Portugal Vilela<\/p><p>\u00a0<\/p><p><a href=\"https:\/\/forumsepse.com.br\/2024\/wp-content\/uploads\/2024\/02\/3666816-Resumo.pdf\"><strong>T\u00edtulo: Altera\u00e7\u00f5es mais prevalentes na triagem de pacientes s\u00e9pticos em um Hospital P\u00fablico Universit\u00e1rio no Rio Grande do Sul<\/strong><\/a><\/p><p>\u00c1rea: Cl\u00ednica Adulto<\/p><p>Tipo do Trabalho: Trabalho original<\/p><p>Atores: J\u00falia Casa Fagherazzi<\/p><p>Apresentador(a): J\u00daLIA CASA FAGHERAZZI<\/p><p>\u00a0<\/p><p><a href=\"https:\/\/forumsepse.com.br\/2024\/wp-content\/uploads\/2024\/02\/3681953-Resumo.pdf\"><strong>T\u00edtulo: Projeto de capacita\u00e7\u00e3o sobre sepse em Unidades de Pronto Atendimento 24 horas (UPAs 24h): Relato de experi\u00eancia<\/strong><\/a><\/p><p>\u00c1rea: Cl\u00ednica Adulto<\/p><p>Tipo do Trabalho: Relato de Caso<\/p><p>Atores: Nauyla Miranda da Costa; Lays Murta da Mata; L\u00edcia Maria Costa Lima; Camila Santos Almeida; Carina Tischler Pires; Giselle Franco Santos; Jennifer Fraga Carvalho; Marcela Ambrosio Lollato; V\u00e2nia Rodrigues Bezerra<\/p><p>Apresentador(a): Nauyla Miranda da Costa<\/p><p>\u00a0<\/p><p><strong><a href=\"https:\/\/forumsepse.com.br\/2024\/wp-content\/uploads\/2024\/02\/4278766-Resumo.pdf\">T\u00edtulo: Antibioticoterapia emp\u00edrica intratecal para ventriculite: relato de caso<\/a><\/strong><\/p><p>\u00c1rea: Cl\u00ednica Adulto<\/p><p>Tipo do Trabalho: Relato de Caso<\/p><p>Atores: Rebeca Zan\u00f3bia Fioramonte; Carla Rosana Guilherme Silva; Amanda Ferreira Peres; Luana Brogin Sacilotto; Giovanna Arjona Lamussi Silva; Carolina Camargo Fuzetti Pereira; Vin\u00edcius dos Santos Carvalho<\/p><p>Apresentador(a): Rebeca Zan\u00f3bia Fioramonte<\/p><p>\u00a0<\/p><p><a href=\"https:\/\/forumsepse.com.br\/2024\/wp-content\/uploads\/2024\/02\/4332500-Resumo.pdf\"><strong>T\u00edtulo: Tempo de interna\u00e7\u00e3o e mortalidade de pacientes oncol\u00f3gicos admitidos com diagn\u00f3stico de sepse na terapia intensiva<\/strong><\/a><\/p><p>\u00c1rea: Cl\u00ednica Adulto<\/p><p>Tipo do Trabalho: Trabalho original<\/p><p>Atores: Giullia Victoria Menezes de Aquino Eloi; Danielle de Mendon\u00e7a Henrique; Flavia Giron Camerini; Cintia Silva Fassarella; Juliana Rodrigues Alves; Danilo Corr\u00eaa Silva da Cruz<\/p><p>Apresentador(a): Giullia Victoria Menezes de Aquino Eloi<\/p><p>\u00a0<\/p><p><a href=\"https:\/\/forumsepse.com.br\/2024\/wp-content\/uploads\/2024\/02\/4448492-Resumo.pdf\"><strong>T\u00edtulo: Projeto sentinelas da sepse: Fortalecendo a comunica\u00e7\u00e3o entre t\u00e9cnicos de enfermagem e m\u00e9dicos na identifica\u00e7\u00e3o da sepse em um hospital do sert\u00e3o central cearense<\/strong><\/a><\/p><p>\u00c1rea: Cl\u00ednica Adulto<\/p><p>Tipo do Trabalho: Trabalho original<\/p><p>Atores: Leonardo Miranda Mac\u00eado; Francisco Daniel Rodrigues da Silva; Ana Am\u00e9lia Leit\u00e3o de Farias; Patr\u00edcia de Lemos Negreiros Tavares<\/p><p>Apresentador(a): Leonardo Miranda Mac\u00eado<\/p><p>\u00a0<\/p><p><a href=\"https:\/\/forumsepse.com.br\/2024\/wp-content\/uploads\/2024\/02\/4754746-Resumo.pdf\"><strong>T\u00edtulo: Impacto do pr\u00e9-natal na evolu\u00e7\u00e3o cl\u00ednica de pacientes internados em unidade de terapia neonatal de um hospital universit\u00e1rio<\/strong><\/a><\/p><p>\u00c1rea: Cl\u00ednica Adulto<\/p><p>Tipo do Trabalho: Trabalho original<\/p><p>Atores: Maria Dagmar da Rocha; Wilson Schemberger Oliveira; Camila Martins Martinelli; Bruna Pereira Madruga<\/p><p>Apresentador(a): Maria Dagmar da Rocha<\/p><p>\u00a0<\/p><p><a href=\"https:\/\/forumsepse.com.br\/2024\/wp-content\/uploads\/2024\/02\/5032128-Resumo.pdf\"><strong>T\u00edtulo: Benchmarking dos preditores de gravidade e mortalidade da sepse em uma unidade de terapia intensiva<\/strong><\/a><\/p><p>\u00c1rea: Cl\u00ednica Adulto<\/p><p>Tipo do Trabalho: Trabalho original<\/p><p>Atores: Danielle de Mendon\u00e7a Henrique; Pedro Henrique Silva Duarte; Lucas Rodrigo Garcia de Mello; Ana L\u00facia Cascardo Marins; Vanessa Galdino de Paula; Ayla Maria Farias Mesquita<\/p><p>Apresentador(a): Danielle de Mendon\u00e7a Henrique<\/p><p>\u00a0<\/p><p><a href=\"https:\/\/forumsepse.com.br\/2024\/wp-content\/uploads\/2024\/02\/5312426-Resumo.pdf\"><strong>T\u00edtulo: Levantamento do perfil microbiol\u00f3gico das infec\u00e7\u00f5es prim\u00e1rias de corrente sangu\u00ednea em um Hospital Universit\u00e1rio do Rio Grande do Norte como direcionador das estrat\u00e9gias multimodais de preven\u00e7\u00e3o de infec\u00e7\u00e3o<\/strong><\/a><\/p><p>\u00c1rea: Cl\u00ednica Adulto<\/p><p>Tipo do Trabalho: Trabalho original<\/p><p>Atores: Bruna Giane Saidelles Machado; Jeanne Aiko Nakagawa; Gisele Rossana Borba<\/p><p>Apresentador(a): Jeanne Aiko de Souza Nakagawa<\/p><p>\u00a0<\/p><p><a href=\"https:\/\/forumsepse.com.br\/2024\/wp-content\/uploads\/2024\/02\/5389711-Resumo.pdf\"><strong>T\u00edtulo: Medidas que repercutiram na diminui\u00e7\u00e3o da mortalidade em uma unidade de terapia intensiva p\u00fablica do Centro-Oeste brasileiro<\/strong><\/a><\/p><p>\u00c1rea: Cl\u00ednica Adulto<\/p><p>Tipo do Trabalho: Trabalho original<\/p><p>Atores: Nathalia Alves do Amaral; Let\u00edcia Furtado Alves; C\u00e9lio de Faria Junior; Oliver Vilanova<\/p><p>Apresentador(a): Nathalia Alves do Amaral<\/p><p>\u00a0<\/p><p><a href=\"https:\/\/forumsepse.com.br\/2024\/wp-content\/uploads\/2024\/02\/5565490-Resumo.pdf\"><strong>T\u00edtulo: O feedback como processo de aprendizagem organizacional:Um relato de Caso<\/strong><\/a><\/p><p>\u00c1rea: Cl\u00ednica Adulto<\/p><p>Tipo do Trabalho: Relato de Caso<\/p><p>Atores: ANELVIRA DE OLIVEIRA FLORENTINO<\/p><p>Apresentador(a): Anelvira de Oliveira Florentino<\/p><p>\u00a0<\/p><p><a href=\"https:\/\/forumsepse.com.br\/2024\/wp-content\/uploads\/2024\/02\/5621218-Resumo.pdf\"><strong>T\u00edtulo: LEMP-SIRI em paciente portador de HIV<\/strong><\/a><\/p><p>\u00c1rea: Cl\u00ednica Adulto<\/p><p>Tipo do Trabalho: Relato de Caso<\/p><p>Atores: Jacques Gabriel \u00c1lvares Horta; Pedro Luis Skrapec Borelli; Antoun Issa Neto; Deborah Campos Oliveira; Fl\u00e1via Cotta Oliveira Perdig\u00e3o<\/p><p>Apresentador(a): Jacques Gabriel \u00c1lvares Horta<\/p><p>\u00a0<\/p><p><a href=\"https:\/\/forumsepse.com.br\/2024\/wp-content\/uploads\/2024\/02\/6220004-Resumo.pdf\"><strong>T\u00edtulo: Avalia\u00e7\u00e3o dos pacientes admitidos por sepse e choque s\u00e9ptico em uma unidade de terapia intensiva no DF<\/strong><\/a><\/p><p>\u00c1rea: Cl\u00ednica Adulto<\/p><p>Tipo do Trabalho: Trabalho original<\/p><p>Atores: Ronald Torres de Olinda; Ana Paula Lopes da Silva; Jessica Rodrigues da Silva; Ana Luiza Galv\u00e3o Soares; Adna Seabra de Almeida; Leticia Gon\u00e7alves Costa; Daniel Barbosa B\u00f4b\u00f4 Lopes; Igor de Souza Andrade; Ester Moraes Dias<\/p><p>Apresentador(a): Ronald Torres de Olinda<\/p><p>\u00a0<\/p><p><a href=\"https:\/\/forumsepse.com.br\/2024\/wp-content\/uploads\/2024\/02\/6976530-Resumo.pdf\"><strong>T\u00edtulo: Avalia\u00e7\u00e3o do potencial imunomodulador de c\u00e9lulas-tronco mesenquimais (MSC) superexpressando fator inibit\u00f3rio de leucemia (LIF) em modelo de choque endot\u00f3xico<\/strong><\/a><\/p><p>\u00c1rea: B\u00e1sica Translacional<\/p><p>Tipo do Trabalho: Trabalho original<\/p><p>Atores: ALANA COSTA DE OLIVEIRA; Luiza Carolina Fran\u00e7a Opretzka; Cassio Santana Meira<\/p><p>Apresentador(a): ALANA COSTA DE OLIVEIRA<\/p><p>\u00a0<\/p><p><a href=\"https:\/\/forumsepse.com.br\/2024\/wp-content\/uploads\/2024\/02\/7089498-Resumo.pdf\"><strong>T\u00edtulo: Conhecimento dos Profissionais de Sa\u00fade sobre Sepse<\/strong><\/a><\/p><p>\u00c1rea: Cl\u00ednica Adulto<\/p><p>Tipo do Trabalho: Trabalho original<\/p><p>Atores: Ronald Torres de Olinda; Jessica Rodrigues da Silva; Ana Paula Lopes da Silva; Ana Luiza Galv\u00e3o Soares; Adna Seabra de Almeida; Leticia Gon\u00e7alves Costa; Daniel Barbosa B\u00f4b\u00f4 Lopes; Igor de Souza Andrade; Ester Moraes Dias<\/p><p>Apresentador(a): Ronald Torres de Olinda<\/p><p>\u00a0<\/p><p><a href=\"https:\/\/forumsepse.com.br\/2024\/wp-content\/uploads\/2024\/02\/7232247-Resumo.pdf\"><strong>T\u00edtulo: Peroxynitrite scavenger improves intestinal epithelial barrier dysfunction induced by polymicrobial sepsis<\/strong><\/a><\/p><p>\u00c1rea: B\u00e1sica Translacional<\/p><p>Tipo do Trabalho: Trabalho original<\/p><p>Atores: Lucas de Souza Ortolan; Rafael Simone Saia<\/p><p>Apresentador(a): Lucas de Souza Ortolan<\/p><p>\u00a0<\/p><p><a href=\"https:\/\/forumsepse.com.br\/2024\/wp-content\/uploads\/2024\/02\/7271810-Resumo.pdf\"><strong>T\u00edtulo: Papel dos nervos espl\u00e2ncnicos na reprograma\u00e7\u00e3o de neutr\u00f3filos na peritonite s\u00e9ptica<\/strong><\/a><\/p><p>\u00c1rea: B\u00e1sica Translacional<\/p><p>Tipo do Trabalho: Trabalho original<\/p><p>Atores: Kathia Terumi Kato; Gabriela Carvalho Santos Ferreira; Eduardo Hermogenes Moretti; Dennyson Leandro Mathias da Fonseca; Caroline Antunes Lino; Sandra Marcia Muxel; Ot\u00e1vio Cabral-Marques; Alexandre Alarcon Steiner<\/p><p>Apresentador(a): Kathia Terumi Kato<\/p><p>\u00a0<\/p><p><a href=\"https:\/\/forumsepse.com.br\/2024\/wp-content\/uploads\/2024\/02\/7611546-Resumo.pdf\"><strong>T\u00edtulo: Plataforma metabol\u00f4mica associada a algoritmos de intelig\u00eancia artificial para detec\u00e7\u00e3o n\u00e3o invasiva da sepse em rec\u00e9m-nascidos pr\u00e9-termo de muito baixo peso<\/strong><\/a><\/p><p>\u00c1rea: Cl\u00ednica Pedi\u00e1trica<\/p><p>Tipo do Trabalho: Trabalho original<\/p><p>Atores: Mayla Silva Borges; Daniela Marques de Lima Mota Ferreira; Camila Piqui Nascimento; Caio Augusto de Lima; Priscilla Larissa Silva Pires; Kelvyn Lucas Santos Zanetti; Bianca Landi Visconti Ferreira Gauze Rodrigues; Rayany Cristina de Souza; Douglas Carvalho Caixeta; Mario Machado Martins; Paula de Souza Santos; Hebr\u00e9ia Oliveira Almeida Souza; Tiara da Costa Silva; Bianca Uliana Picolo; Mariana Gon\u00e7alves Gomes Tavolone; V\u00e2nia Olivetti Steffen Abdallah; Luiz Ricardo Goulart; Vivian Mara Gon\u00e7alves de Oliveira Azevedo; Robinson Sabino-Silva<\/p><p>Apresentador(a): Mayla Silva Borges<\/p><p>\u00a0<\/p><p><a href=\"https:\/\/forumsepse.com.br\/2024\/wp-content\/uploads\/2024\/02\/8061963-Resumo.pdf\"><strong>T\u00edtulo: Platonia insignis Mart: efeito antimicrobiano na sepse polimicrobiana e na infec\u00e7\u00e3o letal por Escherichia coli e Enterococcus faecalis<\/strong><\/a><\/p><p>\u00c1rea: B\u00e1sica Translacional<\/p><p>Tipo do Trabalho: Trabalho original<\/p><p>Atores: Danielle Cristine Gomes Franco; Josivan Regis Farias; Arthur Andr\u00e9 Castro da Costa; Alu\u00edsio da Silva Oliveira; P\u00e2mela Gomes Santos; Nicolle Teixeira Barbosa; Ariadina Jansen Campos Fontes; Simone Batista Muniz; Hillari Fernanda Gracetto; Thiago Rocha Castelo Branco; Aline Santana Figueredo; Vitor Augusto Ferreira dos Santos; Rosane Nassar Meireles Guerra<\/p><p>Apresentador(a): Danielle Cristine Gomes Franco<\/p><p>\u00a0<\/p><p><a href=\"https:\/\/forumsepse.com.br\/2024\/wp-content\/uploads\/2024\/02\/8214786-Resumo.pdf\"><strong>T\u00edtulo: Rela\u00e7\u00e3o entre os sinais vitais e a mortalidade intra-hospitalar em pacientes diagnosticados com sepse<\/strong><\/a><\/p><p>\u00c1rea: Cl\u00ednica Adulto<\/p><p>Tipo do Trabalho: Trabalho original<\/p><p>Atores: ANA LUCIA CASCARDO MARINS; Karla Bianca Silva de Andrade; Andrezza Serpa Franco; Raquel de Mendon\u00e7a Nepomuceno; Ayla Maria Farias de Mesquita; Danielle de Mendon\u00e7a Henrique<\/p><p>Apresentador(a): Ana Lucia Cascardo Marins<\/p><p>\u00a0<\/p><p><a href=\"https:\/\/forumsepse.com.br\/2024\/wp-content\/uploads\/2024\/02\/8311250-Resumo.pdf\"><strong>T\u00edtulo: Ultrassonografia doppler de veias hep\u00e1ticas para estimativa da press\u00e3o venosa central em crian\u00e7as gravemente enfermas<\/strong><\/a><\/p><p>\u00c1rea: Cl\u00ednica Pedi\u00e1trica<\/p><p>Tipo do Trabalho: Trabalho original<\/p><p>Atores: Nayara hillebrand Franzon; L\u00edvia da Silva Krzesinski; Victoria Carneiro Lintz; Isabel de Siqueira Ferraz; Ana Paula Damiano; Roberto Jos\u00e9 Negr\u00e3o Nogueira; Tiago Henrique de Souza<\/p><p>Apresentador(a): Nayara Hillebrand Franzon<\/p><p>\u00a0<\/p><p><a href=\"https:\/\/forumsepse.com.br\/2024\/wp-content\/uploads\/2024\/02\/8352170-Resumo.pdf\"><strong>T\u00edtulo: Perfil epidemiol\u00f3gico de pacientes oncol\u00f3gicos com sepse\/ choque s\u00e9ptico entre 2021 &#8211; 2023 na terapia intensiva<\/strong><\/a><\/p><p>\u00c1rea: Cl\u00ednica Adulto<\/p><p>Tipo do Trabalho: Trabalho original<\/p><p>Atores: Giullia Victoria Menezes de Aquino Eloi; Danielle de Mendon\u00e7a Henrique; Flavia Giron Camerini; Cintia Silva Fassarella; Juliana Rodrigues Alves; Danilo Corr\u00eaa Silva da Cruz<\/p><p>Apresentador(a): Giullia Victoria Menezes de Aquino Eloi<\/p><p>\u00a0<\/p><p><a href=\"https:\/\/forumsepse.com.br\/2024\/wp-content\/uploads\/2024\/02\/8723686-Resumo.pdf\"><strong>T\u00edtulo: Evaluation of class III semaphorins levels during polymicrobial sepsis<\/strong><\/a><\/p><p>\u00c1rea: B\u00e1sica Translacional<\/p><p>Tipo do Trabalho: Trabalho original<\/p><p>Atores: Rafael Simone Saia; Lucas de Souza Ortolan<\/p><p>Apresentador(a): Lucas de Souza Ortolan<\/p><p>\u00a0<\/p><p><a href=\"https:\/\/forumsepse.com.br\/2024\/wp-content\/uploads\/2024\/02\/8814541-Resumo.pdf\"><strong>T\u00edtulo: Implementa\u00e7\u00e3o do protocolo assistencial gerenciado da sepse em hospital de grande porte em Belo Horizonte, Minas Gerais: Uma an\u00e1lise dos dados locais<\/strong><\/a><\/p><p>\u00c1rea: Cl\u00ednica Adulto<\/p><p>Tipo do Trabalho: Trabalho original<\/p><p>Atores: Edna Marilea Meireles Leite<\/p><p>Apresentador(a): Edna Leite<\/p><p>\u00a0<\/p><p><a href=\"https:\/\/forumsepse.com.br\/2024\/wp-content\/uploads\/2024\/02\/9232376-Resumo.pdf\"><strong>T\u00edtulo: Prototipagem de um jogo educativo digital sobre sepse<\/strong><\/a><\/p><p>\u00c1rea: Cl\u00ednica Pedi\u00e1trica<\/p><p>Tipo do Trabalho: Trabalho original<\/p><p>Atores: Jakeline Barbara Alves; Ana Julia Vieira Machado; Andr\u00e9 Menolli; Ros\u00e2ngela Aparecida Pimenta<\/p><p>Apresentador(a): Jakeline Barbara Alves<\/p><p>\u00a0<\/p><p><a href=\"https:\/\/forumsepse.com.br\/2024\/wp-content\/uploads\/2024\/02\/9922451-Resumo.pdf\"><strong>T\u00edtulo: Gestational Sepsis Induces Oxidative Stress, Neurovascular Unit Modulation and Microglia Activation in the Hippocampus and Frontal Cortex of Neonatal Mice<\/strong><\/a><\/p><p>\u00c1rea: B\u00e1sica Translacional<\/p><p>Tipo do Trabalho: Trabalho original<\/p><p>Atores: Marcelo Gomes Granja; Fl\u00e1via Maciel de Moraes; Let\u00edcia Pires Alves; Giulia Andrade; Adriana Ribeiro Silva; Cassiano Felippe Gon\u00e7alves-de-Albuquerque; Vanessa Estato; Hugo Caire de Castro Faria Neto<\/p><p>Apresentador(a): Marcelo Gomes Granja<\/p>\t\t\t\t\t\t<\/div>\n\t\t\t\t<\/div>\n\t\t\t\t\t<\/div>\n\t\t\t\t<\/div>\n\t\t\t\t<\/div>\n\t\t","protected":false},"excerpt":{"rendered":"<p>\u00a0Trabalhos premiados T\u00edtulo: Macr\u00f3fagos espl\u00eanicos comunicam-se com o f\u00edgado na inflama\u00e7\u00e3o sist\u00eamica aguda \u00c1rea: B\u00e1sica Translacional Tipo do Trabalho: Trabalho original Atores: Caroline Martins de Matos; Jessica Ribeiro Nunes; Giovana Cassone Salata; Luciana Biagini Lopes; Carlos Henrique Serezani; Alexandre A. Steiner Apresentador(a): Caroline Martins de Matos \u00a0 T\u00edtulo: Vasodilation as a Key Feature of Microcirculatory [&hellip;]<\/p>\n","protected":false},"author":1,"featured_media":0,"parent":0,"menu_order":0,"comment_status":"closed","ping_status":"closed","template":"elementor_header_footer","meta":{"_joinchat":[],"footnotes":""},"class_list":["post-1527","page","type-page","status-publish","hentry"],"aioseo_notices":[],"_links":{"self":[{"href":"https:\/\/forumsepse.com.br\/2024\/wp-json\/wp\/v2\/pages\/1527","targetHints":{"allow":["GET"]}}],"collection":[{"href":"https:\/\/forumsepse.com.br\/2024\/wp-json\/wp\/v2\/pages"}],"about":[{"href":"https:\/\/forumsepse.com.br\/2024\/wp-json\/wp\/v2\/types\/page"}],"author":[{"embeddable":true,"href":"https:\/\/forumsepse.com.br\/2024\/wp-json\/wp\/v2\/users\/1"}],"replies":[{"embeddable":true,"href":"https:\/\/forumsepse.com.br\/2024\/wp-json\/wp\/v2\/comments?post=1527"}],"version-history":[{"count":22,"href":"https:\/\/forumsepse.com.br\/2024\/wp-json\/wp\/v2\/pages\/1527\/revisions"}],"predecessor-version":[{"id":1590,"href":"https:\/\/forumsepse.com.br\/2024\/wp-json\/wp\/v2\/pages\/1527\/revisions\/1590"}],"wp:attachment":[{"href":"https:\/\/forumsepse.com.br\/2024\/wp-json\/wp\/v2\/media?parent=1527"}],"curies":[{"name":"wp","href":"https:\/\/api.w.org\/{rel}","templated":true}]}}