{"id":17,"date":"2023-12-19T16:33:26","date_gmt":"2023-12-19T19:33:26","guid":{"rendered":"https:\/\/ccmed.com.br\/sepse\/?page_id=17"},"modified":"2025-01-15T12:02:59","modified_gmt":"2025-01-15T15:02:59","slug":"comissao-organizadora","status":"publish","type":"page","link":"https:\/\/forumsepse.com.br\/en\/comissao-organizadora\/","title":{"rendered":"Organizing and Scientific Commission"},"content":{"rendered":"\t\t<div data-elementor-type=\"wp-page\" data-elementor-id=\"17\" class=\"elementor elementor-17\" data-elementor-post-type=\"page\">\n\t\t\t\t<div class=\"elementor-element elementor-element-7780fd85 e-flex e-con-boxed e-con e-parent\" data-id=\"7780fd85\" data-element_type=\"container\" data-settings=\"{&quot;background_background&quot;:&quot;classic&quot;}\">\n\t\t\t\t\t<div class=\"e-con-inner\">\n\t\t\t\t\t<\/div>\n\t\t\t\t<\/div>\n\t\t<div class=\"elementor-element elementor-element-d7c1a38 e-flex e-con-boxed e-con e-parent\" data-id=\"d7c1a38\" data-element_type=\"container\">\n\t\t\t\t\t<div class=\"e-con-inner\">\n\t\t<div class=\"elementor-element elementor-element-1fa030bf e-con-full e-flex e-con e-child\" data-id=\"1fa030bf\" data-element_type=\"container\">\n\t\t\t\t<div class=\"elementor-element elementor-element-1bef0589 elementor-widget elementor-widget-elementskit-team\" data-id=\"1bef0589\" data-element_type=\"widget\" data-widget_type=\"elementskit-team.default\">\n\t\t\t\t<div class=\"elementor-widget-container\">\n\t\t\t\t\t<div class=\"ekit-wid-con\">\t\t\t\t\t\t\t\t\n\t\t<div class=\"profile-card elementor-animation- text-center ekit-team-style-default\">\n\t\t\t\t\t\t\t<a aria-label=\"profile\" href=\"javascript:void(0)\" data-mfp-src=\"#ekit_team_modal_1bef0589_17\" class=\"ekit-team-popup\">\n\t\t\t\t\t\t\n\t\t\t\t<div class=\"profile-header ekit-team-img ekit-img-overlay ekit-team-img-block\"  data-toggle=\"modal\" data-target=\"ekit_team_modal_#1bef0589_17\" >\n\t\t\t\t\t<img fetchpriority=\"high\" decoding=\"async\" width=\"768\" height=\"768\" src=\"https:\/\/forumsepse.com.br\/en\/wp-content\/uploads\/2023\/12\/Daniela-Souza-foto.jpg\" class=\"attachment-large size-large wp-image-231\" alt=\"\" srcset=\"https:\/\/forumsepse.com.br\/en\/wp-content\/uploads\/2023\/12\/Daniela-Souza-foto.jpg 768w, https:\/\/forumsepse.com.br\/en\/wp-content\/uploads\/2023\/12\/Daniela-Souza-foto-300x300.jpg 300w, https:\/\/forumsepse.com.br\/en\/wp-content\/uploads\/2023\/12\/Daniela-Souza-foto-150x150.jpg 150w\" sizes=\"(max-width: 768px) 100vw, 768px\" \/>\t\t\t\t<\/div><!-- .profile-header END -->\n\t\t\t\t\t\t\t<\/a>\n\t\t\t\t\t\t\n\n\t\t\t\t<div class=\"profile-body\">\n\t\t\t\t\t\n\t\t\t\t\t<h2 class=\"profile-title\">\n\t\t\t\t\t\t\t\t\t\t\t<a aria-label=\"profile\" href=\"javascript:void(0)\" data-mfp-src=\"#ekit_team_modal_1bef0589_17\" class=\"ekit-team-popup\">\n\t\t\t\t\t\tDaniela Carla de Souza\t\t\t\t\t\t<\/a>\n\t\t\t\t\t\t\t\t\t\t\t<\/h2>\n\t\t\t\t\t<p class=\"profile-designation\">Ver curr\u00edculo<\/p>\n\t\t\t\t\t\t\t\t\t<\/div><!-- .profile-body END -->\n\n\t\t\t\t\t\t\t\t<\/div>\n\t\t\t\t\t\t\t\n\t\t\t\n\t\t\t\t\t<div class=\"zoom-anim-dialog mfp-hide elementskit-team-popup team-popup-id-1bef0589\" id=\"ekit_team_modal_1bef0589_17\" tabindex=\"-1\" role=\"dialog\" aria-hidden=\"true\">\n\t\t\t\t<div class=\"modal-dialog modal-dialog-centered\" role=\"document\">\n\t\t\t\t\t<div class=\"modal-content\">\n\t\t\t\t\t\t<button type=\"button\" class=\"ekit-team-modal-close\">\n\t\t\t\t\t\t\t<svg aria-hidden=\"true\" class=\"e-font-icon-svg e-fas-times\" viewBox=\"0 0 352 512\" xmlns=\"http:\/\/www.w3.org\/2000\/svg\"><path d=\"M242.72 256l100.07-100.07c12.28-12.28 12.28-32.19 0-44.48l-22.24-22.24c-12.28-12.28-32.19-12.28-44.48 0L176 189.28 75.93 89.21c-12.28-12.28-32.19-12.28-44.48 0L9.21 111.45c-12.28 12.28-12.28 32.19 0 44.48L109.28 256 9.21 356.07c-12.28 12.28-12.28 32.19 0 44.48l22.24 22.24c12.28 12.28 32.2 12.28 44.48 0L176 322.72l100.07 100.07c12.28 12.28 32.2 12.28 44.48 0l22.24-22.24c12.28-12.28 12.28-32.19 0-44.48L242.72 256z\"><\/path><\/svg>\t\t\t\t\t\t<\/button>\n\n\t\t\t\t\t\t<div class=\"modal-body\">\n\t\t\t\t\t\t\t\t\t\t\t\t\t\t\t<div class=\"ekit-team-modal-img\">\n\t\t\t\t\t\t\t\t\t<img fetchpriority=\"high\" decoding=\"async\" width=\"768\" height=\"768\" src=\"https:\/\/forumsepse.com.br\/en\/wp-content\/uploads\/2023\/12\/Daniela-Souza-foto.jpg\" class=\"attachment-large size-large wp-image-231\" alt=\"\" srcset=\"https:\/\/forumsepse.com.br\/en\/wp-content\/uploads\/2023\/12\/Daniela-Souza-foto.jpg 768w, https:\/\/forumsepse.com.br\/en\/wp-content\/uploads\/2023\/12\/Daniela-Souza-foto-300x300.jpg 300w, https:\/\/forumsepse.com.br\/en\/wp-content\/uploads\/2023\/12\/Daniela-Souza-foto-150x150.jpg 150w\" sizes=\"(max-width: 768px) 100vw, 768px\" \/>\t\t\t\t\t\t\t\t<\/div>\n\t\t\t\t\t\t\t\n\t\t\t\t\t\t\t<div class=\"ekit-team-modal-info has-img\">\n\t\t\t\t\t\t\t\t<h2 class=\"ekit-team-modal-title\">Daniela Carla de Souza<\/h2>\n\t\t\t\t\t\t\t\t<p class=\"ekit-team-modal-position\">Ver curr\u00edculo<\/p>\n\t\t\t\t\t\t\t\t\n\t\t\t\t\t\t\t\t<div class=\"ekit-team-modal-content\">\n\t\t\t\t\t\t\t\t\tPresidente do Instituto Latino Americano de Sepse (2022 \u2013 2024)<br \/>\nMestre e Doutora em Ci\u00eancias pelo Departamento de Pediatria da Faculdade de Medicina da Universidade de S\u00e3o Paulo<br \/>\nDocente permanente do Programa de P\u00f3s Gradua\u00e7\u00e3o Stricto Sensu em Ci\u00eancias da Sa\u00fade do Instituto S\u00edrio Liban\u00eas de Ensino e Pesquisa<br \/>\nT\u00edtulo de especialista em Pediatria e em Medicina Intensiva com \u00e1rea de atua\u00e7\u00e3o em Medicina Intensiva Pedi\u00e1trica<br \/>\nM\u00e9dica da UTIP do Hospital Universit\u00e1rio da USP e do Hospital S\u00edrio Liban\u00eas em S\u00e3o Paulo<br \/>\nMembro do Painel de Especialistas da Pediatric Sepsis Definitions (SCCM\/ WFPICCS)  <br \/>\nMembro do Painel de Especialistas da Surviving Sepsis Campaign - Children\u2019s Guidelines<br \/>\nMembro do Board of Global Sepsis Alliance\n\t\t\t\t\t\t\t\t<\/div>\n\n\t\t\t\t\t\t\t\t\t\t\t\t\t\t\t\t\n\t\t\t\t\t\t\t\t\t\t\t\t\t\t\t<\/div>\n\t\t\t\t\t\t<\/div>\n\t\t\t\t\t<\/div>\n\t\t\t\t<\/div>\n\t\t\t<\/div>\n\t\t\t\t<\/div>\t\t\t\t<\/div>\n\t\t\t\t<\/div>\n\t\t\t\t<\/div>\n\t\t<div class=\"elementor-element elementor-element-72f0d8c2 e-con-full e-flex e-con e-child\" data-id=\"72f0d8c2\" data-element_type=\"container\">\n\t\t\t\t<div class=\"elementor-element elementor-element-24781ce3 elementor-widget elementor-widget-elementskit-team\" data-id=\"24781ce3\" data-element_type=\"widget\" data-widget_type=\"elementskit-team.default\">\n\t\t\t\t<div class=\"elementor-widget-container\">\n\t\t\t\t\t<div class=\"ekit-wid-con\">\t\t\t\t\t\t\t\t\n\t\t<div class=\"profile-card elementor-animation- text-center ekit-team-style-default\">\n\t\t\t\t\t\t\t<a aria-label=\"profile\" href=\"javascript:void(0)\" data-mfp-src=\"#ekit_team_modal_24781ce3_17\" class=\"ekit-team-popup\">\n\t\t\t\t\t\t\n\t\t\t\t<div class=\"profile-header ekit-team-img ekit-img-overlay ekit-team-img-block\"  data-toggle=\"modal\" data-target=\"ekit_team_modal_#24781ce3_17\" >\n\t\t\t\t\t<img decoding=\"async\" width=\"514\" height=\"514\" src=\"https:\/\/forumsepse.com.br\/en\/wp-content\/uploads\/2023\/12\/Flavia-Machado-foto.png\" class=\"attachment-large size-large wp-image-232\" alt=\"\" srcset=\"https:\/\/forumsepse.com.br\/en\/wp-content\/uploads\/2023\/12\/Flavia-Machado-foto.png 514w, https:\/\/forumsepse.com.br\/en\/wp-content\/uploads\/2023\/12\/Flavia-Machado-foto-300x300.png 300w, https:\/\/forumsepse.com.br\/en\/wp-content\/uploads\/2023\/12\/Flavia-Machado-foto-150x150.png 150w\" sizes=\"(max-width: 514px) 100vw, 514px\" \/>\t\t\t\t<\/div><!-- .profile-header END -->\n\t\t\t\t\t\t\t<\/a>\n\t\t\t\t\t\t\n\n\t\t\t\t<div class=\"profile-body\">\n\t\t\t\t\t\n\t\t\t\t\t<h2 class=\"profile-title\">\n\t\t\t\t\t\t\t\t\t\t\t<a aria-label=\"profile\" href=\"javascript:void(0)\" data-mfp-src=\"#ekit_team_modal_24781ce3_17\" class=\"ekit-team-popup\">\n\t\t\t\t\t\tFl\u00e1via Ribeiro Machado\t\t\t\t\t\t<\/a>\n\t\t\t\t\t\t\t\t\t\t\t<\/h2>\n\t\t\t\t\t<p class=\"profile-designation\">Ver curr\u00edculo<\/p>\n\t\t\t\t\t\t\t\t\t<\/div><!-- .profile-body END -->\n\n\t\t\t\t\t\t\t\t<\/div>\n\t\t\t\t\t\t\t\n\t\t\t\n\t\t\t\t\t<div class=\"zoom-anim-dialog mfp-hide elementskit-team-popup team-popup-id-24781ce3\" id=\"ekit_team_modal_24781ce3_17\" tabindex=\"-1\" role=\"dialog\" aria-hidden=\"true\">\n\t\t\t\t<div class=\"modal-dialog modal-dialog-centered\" role=\"document\">\n\t\t\t\t\t<div class=\"modal-content\">\n\t\t\t\t\t\t<button type=\"button\" class=\"ekit-team-modal-close\">\n\t\t\t\t\t\t\t<svg aria-hidden=\"true\" class=\"e-font-icon-svg e-fas-times\" viewBox=\"0 0 352 512\" xmlns=\"http:\/\/www.w3.org\/2000\/svg\"><path d=\"M242.72 256l100.07-100.07c12.28-12.28 12.28-32.19 0-44.48l-22.24-22.24c-12.28-12.28-32.19-12.28-44.48 0L176 189.28 75.93 89.21c-12.28-12.28-32.19-12.28-44.48 0L9.21 111.45c-12.28 12.28-12.28 32.19 0 44.48L109.28 256 9.21 356.07c-12.28 12.28-12.28 32.19 0 44.48l22.24 22.24c12.28 12.28 32.2 12.28 44.48 0L176 322.72l100.07 100.07c12.28 12.28 32.2 12.28 44.48 0l22.24-22.24c12.28-12.28 12.28-32.19 0-44.48L242.72 256z\"><\/path><\/svg>\t\t\t\t\t\t<\/button>\n\n\t\t\t\t\t\t<div class=\"modal-body\">\n\t\t\t\t\t\t\t\t\t\t\t\t\t\t\t<div class=\"ekit-team-modal-img\">\n\t\t\t\t\t\t\t\t\t<img decoding=\"async\" width=\"514\" height=\"514\" src=\"https:\/\/forumsepse.com.br\/en\/wp-content\/uploads\/2023\/12\/Flavia-Machado-foto.png\" class=\"attachment-large size-large wp-image-232\" alt=\"\" srcset=\"https:\/\/forumsepse.com.br\/en\/wp-content\/uploads\/2023\/12\/Flavia-Machado-foto.png 514w, https:\/\/forumsepse.com.br\/en\/wp-content\/uploads\/2023\/12\/Flavia-Machado-foto-300x300.png 300w, https:\/\/forumsepse.com.br\/en\/wp-content\/uploads\/2023\/12\/Flavia-Machado-foto-150x150.png 150w\" sizes=\"(max-width: 514px) 100vw, 514px\" \/>\t\t\t\t\t\t\t\t<\/div>\n\t\t\t\t\t\t\t\n\t\t\t\t\t\t\t<div class=\"ekit-team-modal-info has-img\">\n\t\t\t\t\t\t\t\t<h2 class=\"ekit-team-modal-title\">Fl\u00e1via Ribeiro Machado<\/h2>\n\t\t\t\t\t\t\t\t<p class=\"ekit-team-modal-position\">Ver curr\u00edculo<\/p>\n\t\t\t\t\t\t\t\t\n\t\t\t\t\t\t\t\t<div class=\"ekit-team-modal-content\">\n\t\t\t\t\t\t\t\t\tProfessora Associada e Chefe do Setor de Terapia Intensiva da Disciplina de Medicina Intensiva da Universidade Federal de S\u00e3o Paulo<br \/>\nCoordenadora Geral do Instituto Latino-Americano de Sepse<br \/>\nMembro do Comit\u00ea Cient\u00edfico da BRICNET\n\t\t\t\t\t\t\t\t<\/div>\n\n\t\t\t\t\t\t\t\t\t\t\t\t\t\t\t\t\n\t\t\t\t\t\t\t\t\t\t\t\t\t\t\t<\/div>\n\t\t\t\t\t\t<\/div>\n\t\t\t\t\t<\/div>\n\t\t\t\t<\/div>\n\t\t\t<\/div>\n\t\t\t\t<\/div>\t\t\t\t<\/div>\n\t\t\t\t<\/div>\n\t\t\t\t<\/div>\n\t\t<div class=\"elementor-element elementor-element-4bfab10 e-con-full e-flex e-con e-child\" data-id=\"4bfab10\" data-element_type=\"container\">\n\t\t\t\t<div class=\"elementor-element elementor-element-603f8166 elementor-widget elementor-widget-elementskit-team\" data-id=\"603f8166\" data-element_type=\"widget\" data-widget_type=\"elementskit-team.default\">\n\t\t\t\t<div class=\"elementor-widget-container\">\n\t\t\t\t\t<div class=\"ekit-wid-con\">\t\t\t\t\t\t\t\t\n\t\t<div class=\"profile-card elementor-animation- text-center ekit-team-style-default\">\n\t\t\t\t\t\t\t<a aria-label=\"profile\" href=\"javascript:void(0)\" data-mfp-src=\"#ekit_team_modal_603f8166_17\" class=\"ekit-team-popup\">\n\t\t\t\t\t\t\n\t\t\t\t<div class=\"profile-header ekit-team-img ekit-img-overlay ekit-team-img-block\"  data-toggle=\"modal\" data-target=\"ekit_team_modal_#603f8166_17\" >\n\t\t\t\t\t<img decoding=\"async\" width=\"169\" height=\"169\" src=\"https:\/\/forumsepse.com.br\/en\/wp-content\/uploads\/2024\/12\/Derek-Angus-foto.webp\" class=\"attachment-large size-large wp-image-1604\" alt=\"\" srcset=\"https:\/\/forumsepse.com.br\/en\/wp-content\/uploads\/2024\/12\/Derek-Angus-foto.webp 169w, https:\/\/forumsepse.com.br\/en\/wp-content\/uploads\/2024\/12\/Derek-Angus-foto-150x150.webp 150w\" sizes=\"(max-width: 169px) 100vw, 169px\" \/>\t\t\t\t<\/div><!-- .profile-header END -->\n\t\t\t\t\t\t\t<\/a>\n\t\t\t\t\t\t\n\n\t\t\t\t<div class=\"profile-body\">\n\t\t\t\t\t\n\t\t\t\t\t<h2 class=\"profile-title\">\n\t\t\t\t\t\t\t\t\t\t\t<a aria-label=\"profile\" href=\"javascript:void(0)\" data-mfp-src=\"#ekit_team_modal_603f8166_17\" class=\"ekit-team-popup\">\n\t\t\t\t\t\tDerek Angus\u00a0\t\t\t\t\t\t<\/a>\n\t\t\t\t\t\t\t\t\t\t\t<\/h2>\n\t\t\t\t\t<p class=\"profile-designation\">Ver curr\u00edculo<\/p>\n\t\t\t\t\t\t\t\t\t<\/div><!-- .profile-body END -->\n\n\t\t\t\t\t\t\t\t<\/div>\n\t\t\t\t\t\t\t\n\t\t\t\n\t\t\t\t\t<div class=\"zoom-anim-dialog mfp-hide elementskit-team-popup team-popup-id-603f8166\" id=\"ekit_team_modal_603f8166_17\" tabindex=\"-1\" role=\"dialog\" aria-hidden=\"true\">\n\t\t\t\t<div class=\"modal-dialog modal-dialog-centered\" role=\"document\">\n\t\t\t\t\t<div class=\"modal-content\">\n\t\t\t\t\t\t<button type=\"button\" class=\"ekit-team-modal-close\">\n\t\t\t\t\t\t\t<svg aria-hidden=\"true\" class=\"e-font-icon-svg e-fas-times\" viewBox=\"0 0 352 512\" xmlns=\"http:\/\/www.w3.org\/2000\/svg\"><path d=\"M242.72 256l100.07-100.07c12.28-12.28 12.28-32.19 0-44.48l-22.24-22.24c-12.28-12.28-32.19-12.28-44.48 0L176 189.28 75.93 89.21c-12.28-12.28-32.19-12.28-44.48 0L9.21 111.45c-12.28 12.28-12.28 32.19 0 44.48L109.28 256 9.21 356.07c-12.28 12.28-12.28 32.19 0 44.48l22.24 22.24c12.28 12.28 32.2 12.28 44.48 0L176 322.72l100.07 100.07c12.28 12.28 32.2 12.28 44.48 0l22.24-22.24c12.28-12.28 12.28-32.19 0-44.48L242.72 256z\"><\/path><\/svg>\t\t\t\t\t\t<\/button>\n\n\t\t\t\t\t\t<div class=\"modal-body\">\n\t\t\t\t\t\t\t\t\t\t\t\t\t\t\t<div class=\"ekit-team-modal-img\">\n\t\t\t\t\t\t\t\t\t<img decoding=\"async\" width=\"169\" height=\"169\" src=\"https:\/\/forumsepse.com.br\/en\/wp-content\/uploads\/2024\/12\/Derek-Angus-foto.webp\" class=\"attachment-large size-large wp-image-1604\" alt=\"\" srcset=\"https:\/\/forumsepse.com.br\/en\/wp-content\/uploads\/2024\/12\/Derek-Angus-foto.webp 169w, https:\/\/forumsepse.com.br\/en\/wp-content\/uploads\/2024\/12\/Derek-Angus-foto-150x150.webp 150w\" sizes=\"(max-width: 169px) 100vw, 169px\" \/>\t\t\t\t\t\t\t\t<\/div>\n\t\t\t\t\t\t\t\n\t\t\t\t\t\t\t<div class=\"ekit-team-modal-info has-img\">\n\t\t\t\t\t\t\t\t<h2 class=\"ekit-team-modal-title\">Derek Angus\u00a0<\/h2>\n\t\t\t\t\t\t\t\t<p class=\"ekit-team-modal-position\">Ver curr\u00edculo<\/p>\n\t\t\t\t\t\t\t\t\n\t\t\t\t\t\t\t\t<div class=\"ekit-team-modal-content\">\n\t\t\t\t\t\t\t\t\t\t\t\t\t\t\t\t\t<\/div>\n\n\t\t\t\t\t\t\t\t\t\t\t\t\t\t\t\t\n\t\t\t\t\t\t\t\t\t\t\t\t\t\t\t<\/div>\n\t\t\t\t\t\t<\/div>\n\t\t\t\t\t<\/div>\n\t\t\t\t<\/div>\n\t\t\t<\/div>\n\t\t\t\t<\/div>\t\t\t\t<\/div>\n\t\t\t\t<\/div>\n\t\t\t\t<\/div>\n\t\t<div class=\"elementor-element elementor-element-338d0ef8 e-con-full e-flex e-con e-child\" data-id=\"338d0ef8\" data-element_type=\"container\">\n\t\t\t\t<div class=\"elementor-element elementor-element-2b96428d elementor-widget elementor-widget-elementskit-team\" data-id=\"2b96428d\" data-element_type=\"widget\" data-widget_type=\"elementskit-team.default\">\n\t\t\t\t<div class=\"elementor-widget-container\">\n\t\t\t\t\t<div class=\"ekit-wid-con\">\t\t\t\t\t\t\t\t\n\t\t<div class=\"profile-card elementor-animation- text-center ekit-team-style-default\">\n\t\t\t\t\t\t\t<a aria-label=\"profile\" href=\"javascript:void(0)\" data-mfp-src=\"#ekit_team_modal_2b96428d_17\" class=\"ekit-team-popup\">\n\t\t\t\t\t\t\n\t\t\t\t<div class=\"profile-header ekit-team-img ekit-img-overlay ekit-team-img-block\"  data-toggle=\"modal\" data-target=\"ekit_team_modal_#2b96428d_17\" >\n\t\t\t\t\t<img loading=\"lazy\" decoding=\"async\" width=\"800\" height=\"800\" src=\"https:\/\/forumsepse.com.br\/en\/wp-content\/uploads\/2024\/12\/Adrienne-Randolph-foto-1024x1024.webp\" class=\"attachment-large size-large wp-image-1605\" alt=\"\" srcset=\"https:\/\/forumsepse.com.br\/en\/wp-content\/uploads\/2024\/12\/Adrienne-Randolph-foto-1024x1024.webp 1024w, https:\/\/forumsepse.com.br\/en\/wp-content\/uploads\/2024\/12\/Adrienne-Randolph-foto-300x300.webp 300w, https:\/\/forumsepse.com.br\/en\/wp-content\/uploads\/2024\/12\/Adrienne-Randolph-foto-150x150.webp 150w, https:\/\/forumsepse.com.br\/en\/wp-content\/uploads\/2024\/12\/Adrienne-Randolph-foto-768x768.webp 768w, https:\/\/forumsepse.com.br\/en\/wp-content\/uploads\/2024\/12\/Adrienne-Randolph-foto-1536x1536.webp 1536w, https:\/\/forumsepse.com.br\/en\/wp-content\/uploads\/2024\/12\/Adrienne-Randolph-foto.webp 1602w\" sizes=\"(max-width: 800px) 100vw, 800px\" \/>\t\t\t\t<\/div><!-- .profile-header END -->\n\t\t\t\t\t\t\t<\/a>\n\t\t\t\t\t\t\n\n\t\t\t\t<div class=\"profile-body\">\n\t\t\t\t\t\n\t\t\t\t\t<h2 class=\"profile-title\">\n\t\t\t\t\t\t\t\t\t\t\t<a aria-label=\"profile\" href=\"javascript:void(0)\" data-mfp-src=\"#ekit_team_modal_2b96428d_17\" class=\"ekit-team-popup\">\n\t\t\t\t\t\tAdrienne G. Randolph\t\t\t\t\t\t<\/a>\n\t\t\t\t\t\t\t\t\t\t\t<\/h2>\n\t\t\t\t\t<p class=\"profile-designation\">Ver curr\u00edculo<\/p>\n\t\t\t\t\t\t\t\t\t<\/div><!-- .profile-body END -->\n\n\t\t\t\t\t\t\t\t<\/div>\n\t\t\t\t\t\t\t\n\t\t\t\n\t\t\t\t\t<div class=\"zoom-anim-dialog mfp-hide elementskit-team-popup team-popup-id-2b96428d\" id=\"ekit_team_modal_2b96428d_17\" tabindex=\"-1\" role=\"dialog\" aria-hidden=\"true\">\n\t\t\t\t<div class=\"modal-dialog modal-dialog-centered\" role=\"document\">\n\t\t\t\t\t<div class=\"modal-content\">\n\t\t\t\t\t\t<button type=\"button\" class=\"ekit-team-modal-close\">\n\t\t\t\t\t\t\t<svg aria-hidden=\"true\" class=\"e-font-icon-svg e-fas-times\" viewBox=\"0 0 352 512\" xmlns=\"http:\/\/www.w3.org\/2000\/svg\"><path d=\"M242.72 256l100.07-100.07c12.28-12.28 12.28-32.19 0-44.48l-22.24-22.24c-12.28-12.28-32.19-12.28-44.48 0L176 189.28 75.93 89.21c-12.28-12.28-32.19-12.28-44.48 0L9.21 111.45c-12.28 12.28-12.28 32.19 0 44.48L109.28 256 9.21 356.07c-12.28 12.28-12.28 32.19 0 44.48l22.24 22.24c12.28 12.28 32.2 12.28 44.48 0L176 322.72l100.07 100.07c12.28 12.28 32.2 12.28 44.48 0l22.24-22.24c12.28-12.28 12.28-32.19 0-44.48L242.72 256z\"><\/path><\/svg>\t\t\t\t\t\t<\/button>\n\n\t\t\t\t\t\t<div class=\"modal-body\">\n\t\t\t\t\t\t\t\t\t\t\t\t\t\t\t<div class=\"ekit-team-modal-img\">\n\t\t\t\t\t\t\t\t\t<img loading=\"lazy\" decoding=\"async\" width=\"800\" height=\"800\" src=\"https:\/\/forumsepse.com.br\/en\/wp-content\/uploads\/2024\/12\/Adrienne-Randolph-foto-1024x1024.webp\" class=\"attachment-large size-large wp-image-1605\" alt=\"\" srcset=\"https:\/\/forumsepse.com.br\/en\/wp-content\/uploads\/2024\/12\/Adrienne-Randolph-foto-1024x1024.webp 1024w, https:\/\/forumsepse.com.br\/en\/wp-content\/uploads\/2024\/12\/Adrienne-Randolph-foto-300x300.webp 300w, https:\/\/forumsepse.com.br\/en\/wp-content\/uploads\/2024\/12\/Adrienne-Randolph-foto-150x150.webp 150w, https:\/\/forumsepse.com.br\/en\/wp-content\/uploads\/2024\/12\/Adrienne-Randolph-foto-768x768.webp 768w, https:\/\/forumsepse.com.br\/en\/wp-content\/uploads\/2024\/12\/Adrienne-Randolph-foto-1536x1536.webp 1536w, https:\/\/forumsepse.com.br\/en\/wp-content\/uploads\/2024\/12\/Adrienne-Randolph-foto.webp 1602w\" sizes=\"(max-width: 800px) 100vw, 800px\" \/>\t\t\t\t\t\t\t\t<\/div>\n\t\t\t\t\t\t\t\n\t\t\t\t\t\t\t<div class=\"ekit-team-modal-info has-img\">\n\t\t\t\t\t\t\t\t<h2 class=\"ekit-team-modal-title\">Adrienne G. Randolph<\/h2>\n\t\t\t\t\t\t\t\t<p class=\"ekit-team-modal-position\">Ver curr\u00edculo<\/p>\n\t\t\t\t\t\t\t\t\n\t\t\t\t\t\t\t\t<div class=\"ekit-team-modal-content\">\n\t\t\t\t\t\t\t\t\t\t\t\t\t\t\t\t\t<\/div>\n\n\t\t\t\t\t\t\t\t\t\t\t\t\t\t\t\t\n\t\t\t\t\t\t\t\t\t\t\t\t\t\t\t<\/div>\n\t\t\t\t\t\t<\/div>\n\t\t\t\t\t<\/div>\n\t\t\t\t<\/div>\n\t\t\t<\/div>\n\t\t\t\t<\/div>\t\t\t\t<\/div>\n\t\t\t\t<\/div>\n\t\t\t\t<\/div>\n\t\t\t\t\t<\/div>\n\t\t\t\t<\/div>\n\t\t<div class=\"elementor-element elementor-element-3e4e8923 e-flex e-con-boxed e-con e-parent\" data-id=\"3e4e8923\" data-element_type=\"container\">\n\t\t\t\t\t<div class=\"e-con-inner\">\n\t\t<div class=\"elementor-element elementor-element-30236271 e-con-full e-flex e-con e-child\" data-id=\"30236271\" data-element_type=\"container\">\n\t\t\t\t<div class=\"elementor-element elementor-element-5a61dca7 elementor-widget elementor-widget-button\" data-id=\"5a61dca7\" data-element_type=\"widget\" data-widget_type=\"button.default\">\n\t\t\t\t<div class=\"elementor-widget-container\">\n\t\t\t\t\t\t\t\t\t<div class=\"elementor-button-wrapper\">\n\t\t\t\t\t<a class=\"elementor-button elementor-button-link elementor-size-sm\" href=\"https:\/\/forumsepse.com.br\/en\/index.php\/comissao-cientifica\/\">\n\t\t\t\t\t\t<span class=\"elementor-button-content-wrapper\">\n\t\t\t\t\t\t\t\t\t<span class=\"elementor-button-text\">Comiss\u00e3o Cient\u00edfica<\/span>\n\t\t\t\t\t<\/span>\n\t\t\t\t\t<\/a>\n\t\t\t\t<\/div>\n\t\t\t\t\t\t\t\t<\/div>\n\t\t\t\t<\/div>\n\t\t\t\t<\/div>\n\t\t<div class=\"elementor-element elementor-element-2aac88fc e-con-full e-flex e-con e-child\" data-id=\"2aac88fc\" data-element_type=\"container\">\n\t\t\t\t<div class=\"elementor-element elementor-element-4f66aa00 elementor-widget elementor-widget-button\" data-id=\"4f66aa00\" data-element_type=\"widget\" data-widget_type=\"button.default\">\n\t\t\t\t<div class=\"elementor-widget-container\">\n\t\t\t\t\t\t\t\t\t<div class=\"elementor-button-wrapper\">\n\t\t\t\t\t<a class=\"elementor-button elementor-button-link elementor-size-sm\" href=\"https:\/\/forumsepse.com.br\/en\/index.php\/mensagem-da-comissao\/\">\n\t\t\t\t\t\t<span class=\"elementor-button-content-wrapper\">\n\t\t\t\t\t\t\t\t\t<span class=\"elementor-button-text\">Mensagem da Comiss\u00e3o<\/span>\n\t\t\t\t\t<\/span>\n\t\t\t\t\t<\/a>\n\t\t\t\t<\/div>\n\t\t\t\t\t\t\t\t<\/div>\n\t\t\t\t<\/div>\n\t\t\t\t<\/div>\n\t\t<div class=\"elementor-element elementor-element-e54d62c e-con-full e-flex e-con e-child\" data-id=\"e54d62c\" data-element_type=\"container\">\n\t\t\t\t<div class=\"elementor-element elementor-element-211a311b elementor-widget elementor-widget-button\" data-id=\"211a311b\" data-element_type=\"widget\" data-widget_type=\"button.default\">\n\t\t\t\t<div class=\"elementor-widget-container\">\n\t\t\t\t\t\t\t\t\t<div class=\"elementor-button-wrapper\">\n\t\t\t\t\t<a class=\"elementor-button elementor-button-link elementor-size-sm\" href=\"https:\/\/forumsepse.com.br\/en\/index.php\/local-do-evento\/\">\n\t\t\t\t\t\t<span class=\"elementor-button-content-wrapper\">\n\t\t\t\t\t\t\t\t\t<span class=\"elementor-button-text\">Local do Evento<\/span>\n\t\t\t\t\t<\/span>\n\t\t\t\t\t<\/a>\n\t\t\t\t<\/div>\n\t\t\t\t\t\t\t\t<\/div>\n\t\t\t\t<\/div>\n\t\t\t\t<\/div>\n\t\t\t\t\t<\/div>\n\t\t\t\t<\/div>\n\t\t\t\t<\/div>\n\t\t","protected":false},"excerpt":{"rendered":"<p>Daniela Carla de Souza Ver curr\u00edculo Daniela Carla de Souza Ver curr\u00edculo Presidente do Instituto Latino Americano de Sepse (2022 \u2013 2024) Mestre e Doutora em Ci\u00eancias pelo Departamento de Pediatria da Faculdade de Medicina da Universidade de S\u00e3o Paulo Docente permanente do Programa de P\u00f3s Gradua\u00e7\u00e3o Stricto Sensu em Ci\u00eancias da Sa\u00fade do Instituto [&hellip;]<\/p>\n","protected":false},"author":1,"featured_media":0,"parent":0,"menu_order":0,"comment_status":"closed","ping_status":"closed","template":"elementor_header_footer","meta":{"_joinchat":[],"footnotes":""},"class_list":["post-17","page","type-page","status-publish","hentry"],"aioseo_notices":[],"_links":{"self":[{"href":"https:\/\/forumsepse.com.br\/en\/wp-json\/wp\/v2\/pages\/17","targetHints":{"allow":["GET"]}}],"collection":[{"href":"https:\/\/forumsepse.com.br\/en\/wp-json\/wp\/v2\/pages"}],"about":[{"href":"https:\/\/forumsepse.com.br\/en\/wp-json\/wp\/v2\/types\/page"}],"author":[{"embeddable":true,"href":"https:\/\/forumsepse.com.br\/en\/wp-json\/wp\/v2\/users\/1"}],"replies":[{"embeddable":true,"href":"https:\/\/forumsepse.com.br\/en\/wp-json\/wp\/v2\/comments?post=17"}],"version-history":[{"count":17,"href":"https:\/\/forumsepse.com.br\/en\/wp-json\/wp\/v2\/pages\/17\/revisions"}],"predecessor-version":[{"id":1874,"href":"https:\/\/forumsepse.com.br\/en\/wp-json\/wp\/v2\/pages\/17\/revisions\/1874"}],"wp:attachment":[{"href":"https:\/\/forumsepse.com.br\/en\/wp-json\/wp\/v2\/media?parent=17"}],"curies":[{"name":"wp","href":"https:\/\/api.w.org\/{rel}","templated":true}]}}